
{"id":4081,"date":"2017-09-26T12:22:30","date_gmt":"2017-09-26T10:22:30","guid":{"rendered":"http:\/\/hurtownia.komandor.slask.pl\/?page_id=4081"},"modified":"2021-04-08T22:58:58","modified_gmt":"2021-04-08T20:58:58","slug":"uslugi-stolarskie","status":"publish","type":"page","link":"https:\/\/hurtownia.komandor.pl\/kalisz\/uslugi-stolarskie\/","title":{"rendered":"Us\u0142ugi stolarskie"},"content":{"rendered":"<p>US\u0141UGI STOLARSKIE<\/p>\n<p>W uzupe\u0142nieniu szerokiej oferty handlowej \u015bwiadczymy r\u00f3wnie\u017c\u00a0<strong>profesjonalne us\u0142ugi stolarskie<\/strong>. Nasz\u0105 dewiz\u0105 jest fachowa i kompleksowa obs\u0142uga ka\u017cdego Klienta.<\/p>\n<p>Stworzyli\u015bmy dla Ciebie us\u0142ugi dzi\u0119ki kt\u00f3rym, mo\u017cesz wykonywa\u0107 meble na najwy\u017cszym poziomie.\u00a0Jeste\u015bmy firm\u0105 z 25- letnim do\u015bwiadczeniem i mamy \u015bwiadomo\u015b\u0107, \u017ce wysoka jako\u015b\u0107 si\u0119 op\u0142aca.\u00a0<strong>Jeste\u015bmy dumni, \u017ce nasz park maszynowy wyposa\u017cony jest w sprz\u0119t najwy\u017cszej klasy i ci\u0105gle si\u0119 powi\u0119ksza.<\/strong>\u00a0W skr\u00f3cie przedstawiamy Ci tylko niekt\u00f3re z nich jakie mo\u017cesz u nas wykona\u0107.<\/p>\n<h3>Oklejanie JADE 340<\/h3>\n<h3>Wiercenie otwor\u00f3w \u2013 Poziome centrum obr\u00f3bcze Biesse Rover A30<\/h3>\n<p>oraz<\/p>\n<h3><strong>Wiercenie otwor\u00f3w \u2013 Pionowe centrum obr\u00f3bcze Biesse Skipper V31\u00a0<\/strong><\/h3>\n<p>Jest to najnowocze\u015bniejsza wiertarka sterowana numerycznie, pozwalaj\u0105ca wierci\u0107 otwory i frezowa\u0107 formatki meblowe z ogromn\u0105 precyzj\u0105.\u00a0Wiercenie pod zawiasy, prowadnice, oraz wszystkie pozosta\u0142e systemy \u0142\u0105cze\u0144 wyst\u0119puj\u0105cych w meblarstwie.<\/p>\n<h3>Poza tym wykonujemy standardowe us\u0142ugi stolarskie:<\/h3>\n<ul>\n<li>ci\u0119cie proste i krzywoliniowe<\/li>\n<li>okleinowanie proste i krzywoliniowe<\/li>\n<li>okuwanie skrzyde\u0142 do system\u00f3w przesuwnych<\/li>\n<li>zacinanie blat\u00f3w do \u0142\u0105czenia<\/li>\n<li>wycinanie otwor\u00f3w pod zlew, p\u0142yt\u0119 grzewcz\u0105.<\/li>\n<\/ul>\n","protected":false},"excerpt":{"rendered":"<p>US\u0141UGI STOLARSKIE<\/p>\n<p>W uzupe\u0142nieniu szerokiej oferty handlowej \u015bwiadczymy r\u00f3wnie\u017c\u00a0<strong>profesjonalne us\u0142ugi stolarskie<\/strong>. Nasz\u0105 dewiz\u0105 jest fachowa i kompleksowa obs\u0142uga ka\u017cdego Klienta.<\/p>\n<p>Stworzyli\u015bmy dla Ciebie us\u0142ugi dzi\u0119ki kt\u00f3rym, mo\u017cesz wykonywa\u0107 meble na najwy\u017cszym poziomie.\u00a0Jeste\u015bmy firm\u0105 z 25- letnim do\u015bwiadczeniem i mamy \u015bwiadomo\u015b\u0107, \u017ce wysoka jako\u015b\u0107 si\u0119 op\u0142aca.\u00a0<strong>Jeste\u015bmy dumni, \u017ce nasz park maszynowy wyposa\u017cony jest w sprz\u0119t najwy\u017cszej klasy i ci\u0105gle si\u0119 powi\u0119ksza.<\/strong>\u00a0W skr\u00f3cie przedstawiamy Ci tylko niekt\u00f3re z nich jakie mo\u017cesz u nas wykona\u0107.<\/p>\n","protected":false},"author":1,"featured_media":0,"parent":0,"menu_order":0,"comment_status":"closed","ping_status":"closed","template":"","meta":[],"_links":{"self":[{"href":"https:\/\/hurtownia.komandor.pl\/kalisz\/wp-json\/wp\/v2\/pages\/4081"}],"collection":[{"href":"https:\/\/hurtownia.komandor.pl\/kalisz\/wp-json\/wp\/v2\/pages"}],"about":[{"href":"https:\/\/hurtownia.komandor.pl\/kalisz\/wp-json\/wp\/v2\/types\/page"}],"author":[{"embeddable":true,"href":"https:\/\/hurtownia.komandor.pl\/kalisz\/wp-json\/wp\/v2\/users\/1"}],"replies":[{"embeddable":true,"href":"https:\/\/hurtownia.komandor.pl\/kalisz\/wp-json\/wp\/v2\/comments?post=4081"}],"version-history":[{"count":12,"href":"https:\/\/hurtownia.komandor.pl\/kalisz\/wp-json\/wp\/v2\/pages\/4081\/revisions"}],"predecessor-version":[{"id":11088,"href":"https:\/\/hurtownia.komandor.pl\/kalisz\/wp-json\/wp\/v2\/pages\/4081\/revisions\/11088"}],"wp:attachment":[{"href":"https:\/\/hurtownia.komandor.pl\/kalisz\/wp-json\/wp\/v2\/media?parent=4081"}],"curies":[{"name":"wp","href":"https:\/\/api.w.org\/{rel}","templated":true}]}}