
{"id":4086,"date":"2017-09-26T13:15:23","date_gmt":"2017-09-26T11:15:23","guid":{"rendered":"http:\/\/hurtownia.komandor.slask.pl\/?page_id=4086"},"modified":"2021-04-08T21:58:43","modified_gmt":"2021-04-08T19:58:43","slug":"strefa-hurtownika","status":"publish","type":"page","link":"https:\/\/hurtownia.komandor.pl\/kalisz\/strefa-hurtownika\/","title":{"rendered":"Strefa hurtownika"},"content":{"rendered":"<p>Jeste\u015b stolarzem i szukasz odpowiedniego partnera do wsp\u00f3\u0142pracy?<\/p>\n<p>A mo\u017ce lubisz majsterkowa\u0107 w swoim domu i chcia\u0142by\u015b skorzysta\u0107 z naszej oferty?<\/p>\n<p>Idealnie trafi\u0142e\u015b! Kierujemy ofert\u0119 w\u0142a\u015bnie do Ciebie.<\/p>\n<p>Zesp\u00f3\u0142 Hurtowni Komandor tworz\u0105 pracownicy z pasj\u0105, zami\u0142owaniem i d\u0142ugoletnim do\u015bwiadczeniem w bran\u017cy meblarskiej. Nasz\u0105 misj\u0105 jest ci\u0105g\u0142e d\u0105\u017cenie do doskona\u0142o\u015bci i umacnianie pozytywnego wizerunku, tak aby \u015bwiadczone przez nas us\u0142ugi by\u0142y najwy\u017cszej jako\u015bci. Nowoczesny i ci\u0105gle powi\u0119kszany park maszynowy oraz do\u015bwiadczona za\u0142oga s\u0105 gwarancj\u0105 Twojego zadowolenia i spe\u0142nienia najwy\u017cszych wymaga\u0144.<\/p>\n<p>Stawiamy na profesjonalizm pocz\u0105wszy od zam\u00f3wienia, przez jego realizacj\u0119 a\u017c po transport pod wskazany adres.<\/p>\n<p>Nie zastanawiaj si\u0119 d\u0142u\u017cej, skontaktuj si\u0119 z nami. Zapraszamy do wsp\u00f3\u0142pracy.<\/p>\n<p><a href=\"https:\/\/wycena.komandor.pl\/test\/\"><img loading=\"lazy\" class=\"alignleft wp-image-6737 size-full\" src=\"https:\/\/hurtownia.komandor.pl\/kalisz\/wp-content\/uploads\/2018\/04\/Konfigurator-drzwi-przesuwnych.jpg\" alt=\"\" width=\"214\" height=\"95\" \/><\/a><\/p>\n","protected":false},"excerpt":{"rendered":"<p>Jeste\u015b stolarzem i szukasz odpowiedniego partnera do wsp\u00f3\u0142pracy?<\/p>\n<p>A mo\u017ce lubisz majsterkowa\u0107 w swoim domu i chcia\u0142by\u015b skorzysta\u0107 z naszej oferty?<\/p>\n<p>Idealnie trafi\u0142e\u015b! Kierujemy ofert\u0119 w\u0142a\u015bnie do Ciebie.<\/p>\n<p>Zesp\u00f3\u0142 Hurtowni Komandor tworz\u0105 pracownicy z pasj\u0105, zami\u0142owaniem i d\u0142ugoletnim do\u015bwiadczeniem w bran\u017cy meblarskiej. Nasz\u0105 misj\u0105 jest ci\u0105g\u0142e d\u0105\u017cenie do doskona\u0142o\u015bci i umacnianie pozytywnego wizerunku, tak aby \u015bwiadczone przez nas us\u0142ugi by\u0142y najwy\u017cszej jako\u015bci. Nowoczesny i ci\u0105gle powi\u0119kszany park maszynowy oraz do\u015bwiadczona za\u0142oga s\u0105 gwarancj\u0105 Twojego zadowolenia i spe\u0142nienia najwy\u017cszych wymaga\u0144.<\/p>\n","protected":false},"author":1,"featured_media":0,"parent":0,"menu_order":0,"comment_status":"closed","ping_status":"closed","template":"","meta":[],"_links":{"self":[{"href":"https:\/\/hurtownia.komandor.pl\/kalisz\/wp-json\/wp\/v2\/pages\/4086"}],"collection":[{"href":"https:\/\/hurtownia.komandor.pl\/kalisz\/wp-json\/wp\/v2\/pages"}],"about":[{"href":"https:\/\/hurtownia.komandor.pl\/kalisz\/wp-json\/wp\/v2\/types\/page"}],"author":[{"embeddable":true,"href":"https:\/\/hurtownia.komandor.pl\/kalisz\/wp-json\/wp\/v2\/users\/1"}],"replies":[{"embeddable":true,"href":"https:\/\/hurtownia.komandor.pl\/kalisz\/wp-json\/wp\/v2\/comments?post=4086"}],"version-history":[{"count":9,"href":"https:\/\/hurtownia.komandor.pl\/kalisz\/wp-json\/wp\/v2\/pages\/4086\/revisions"}],"predecessor-version":[{"id":11080,"href":"https:\/\/hurtownia.komandor.pl\/kalisz\/wp-json\/wp\/v2\/pages\/4086\/revisions\/11080"}],"wp:attachment":[{"href":"https:\/\/hurtownia.komandor.pl\/kalisz\/wp-json\/wp\/v2\/media?parent=4086"}],"curies":[{"name":"wp","href":"https:\/\/api.w.org\/{rel}","templated":true}]}}