
{"id":11400,"date":"2021-02-04T11:08:23","date_gmt":"2021-02-04T10:08:23","guid":{"rendered":"https:\/\/hurtownia.komandor.pl\/kalisz\/produkt\/colorimo-3m15-sati-pudrowy-roz\/"},"modified":"2021-05-19T14:54:29","modified_gmt":"2021-05-19T12:54:29","slug":"colorimo-3m15-sati-pudrowy-roz","status":"publish","type":"product","link":"https:\/\/hurtownia.komandor.pl\/kalisz\/produkt\/colorimo-3m15-sati-pudrowy-roz\/","title":{"rendered":"Colorimo 3M15 Sati Pudrowy R\u00f3\u017c"},"content":{"rendered":"<p>Szk\u0142o lakierowane matowe Colorimo o wymiarach: 2550x1605mm<\/p>\n<p>Grubo\u015b\u0107: 4mm<\/p>\n<p>Colorimo to szk\u0142o lakierowane farbami ekologicznymi.<\/p>\n<p>Monta\u017c i stosowanie szk\u0142a Colorimo nale\u017cy przeprowadza\u0107 zgodnie z zaleceniami producenta, u\u017cywaj\u0105c nast\u0119puj\u0105cych materia\u0142\u00f3w:<\/p>\n<ul>\n<li>Silikon L (prod. Lakma)<\/li>\n<li>Duplomont 918 &#8211; ta\u015bma dwustronnie klej\u0105ca (prod. Lohmann)<\/li>\n<li>Vitomount 125 SS-70 &#8211; ta\u015bma dwustronnie klej\u0105ca (prod. Vito)<\/li>\n<li>Oracal 641 &#8211; folia przylepna (prod. Lambda)<\/li>\n<li>PT 1220 N -folia przylepna (prod. Rollfix)<\/li>\n<\/ul>\n","protected":false},"featured_media":9681,"template":"","tags":[500,501],"product-category":[492,579],"_links":{"self":[{"href":"https:\/\/hurtownia.komandor.pl\/kalisz\/wp-json\/wp\/v2\/product\/11400"}],"collection":[{"href":"https:\/\/hurtownia.komandor.pl\/kalisz\/wp-json\/wp\/v2\/product"}],"about":[{"href":"https:\/\/hurtownia.komandor.pl\/kalisz\/wp-json\/wp\/v2\/types\/product"}],"wp:featuredmedia":[{"embeddable":true,"href":"https:\/\/hurtownia.komandor.pl\/kalisz\/wp-json\/wp\/v2\/media\/9681"}],"wp:attachment":[{"href":"https:\/\/hurtownia.komandor.pl\/kalisz\/wp-json\/wp\/v2\/media?parent=11400"}],"wp:term":[{"taxonomy":"post_tag","embeddable":true,"href":"https:\/\/hurtownia.komandor.pl\/kalisz\/wp-json\/wp\/v2\/tags?post=11400"},{"taxonomy":"product-category","embeddable":true,"href":"https:\/\/hurtownia.komandor.pl\/kalisz\/wp-json\/wp\/v2\/product-category?post=11400"}],"curies":[{"name":"wp","href":"https:\/\/api.w.org\/{rel}","templated":true}]}}