
{"id":11408,"date":"2021-02-04T11:08:24","date_gmt":"2021-02-04T10:08:24","guid":{"rendered":"https:\/\/hurtownia.komandor.pl\/kalisz\/produkt\/colorimo-7035-kredowy\/"},"modified":"2021-05-20T10:30:35","modified_gmt":"2021-05-20T08:30:35","slug":"colorimo-7035-kredowy","status":"publish","type":"product","link":"https:\/\/hurtownia.komandor.pl\/kalisz\/produkt\/colorimo-7035-kredowy\/","title":{"rendered":"Colorimo 7035 Kredowy"},"content":{"rendered":"<p>Szk\u0142o lakierowane Colorimo o wymiarach: 2550x1605mm<\/p>\n<p>Grubo\u015b\u0107: 4mm<\/p>\n<p>Colorimo to szk\u0142o lakierowane farbami ekologicznymi.<\/p>\n<p>Monta\u017c i stosowanie szk\u0142a Colorimo nale\u017cy przeprowadza\u0107 zgodnie z zaleceniami producenta, u\u017cywaj\u0105c nast\u0119puj\u0105cych materia\u0142\u00f3w:<\/p>\n<ul>\n<li>Silikon L (prod. Lakma)<\/li>\n<li>Duplomont 918 &#8211; ta\u015bma dwustronnie klej\u0105ca (prod. Lohmann)<\/li>\n<li>Vitomount 125 SS-70 &#8211; ta\u015bma dwustronnie klej\u0105ca (prod. Vito)<\/li>\n<li>Oracal 641 &#8211; folia przylepna (prod. Lambda)<\/li>\n<li>PT 1220 N -folia przylepna (prod. Rollfix)<\/li>\n<\/ul>\n","protected":false},"featured_media":9716,"template":"","tags":[500,501],"product-category":[492,493],"_links":{"self":[{"href":"https:\/\/hurtownia.komandor.pl\/kalisz\/wp-json\/wp\/v2\/product\/11408"}],"collection":[{"href":"https:\/\/hurtownia.komandor.pl\/kalisz\/wp-json\/wp\/v2\/product"}],"about":[{"href":"https:\/\/hurtownia.komandor.pl\/kalisz\/wp-json\/wp\/v2\/types\/product"}],"wp:featuredmedia":[{"embeddable":true,"href":"https:\/\/hurtownia.komandor.pl\/kalisz\/wp-json\/wp\/v2\/media\/9716"}],"wp:attachment":[{"href":"https:\/\/hurtownia.komandor.pl\/kalisz\/wp-json\/wp\/v2\/media?parent=11408"}],"wp:term":[{"taxonomy":"post_tag","embeddable":true,"href":"https:\/\/hurtownia.komandor.pl\/kalisz\/wp-json\/wp\/v2\/tags?post=11408"},{"taxonomy":"product-category","embeddable":true,"href":"https:\/\/hurtownia.komandor.pl\/kalisz\/wp-json\/wp\/v2\/product-category?post=11408"}],"curies":[{"name":"wp","href":"https:\/\/api.w.org\/{rel}","templated":true}]}}