
{"id":11430,"date":"2021-04-25T21:21:51","date_gmt":"2021-04-25T19:21:51","guid":{"rendered":"https:\/\/hurtownia.komandor.pl\/kalisz\/produkt\/colorimo-9bl5-gwiezdzista-noc-light\/"},"modified":"2021-05-20T10:47:39","modified_gmt":"2021-05-20T08:47:39","slug":"colorimo-9bl5-gwiezdzista-noc-light","status":"publish","type":"product","link":"https:\/\/hurtownia.komandor.pl\/kalisz\/produkt\/colorimo-9bl5-gwiezdzista-noc-light\/","title":{"rendered":"Colorimo 9BL5 Gwie\u017adzista noc light"},"content":{"rendered":"<p>Colorimo to szk\u0142o lakierowane farbami ekologicznymi o wymiarach: 2550x1605mm.<\/p>\n<p>Istnieje mo\u017cliwo\u015b\u0107 podklejenia szk\u0142a foli\u0105 bezpieczn\u0105 przezroczyst\u0105 lub bia\u0142\u0105.<\/p>\n<p><strong>Grubo\u015b\u0107:<\/strong>\u00a04mm<\/p>\n<p><strong>Producent:<\/strong>\u00a0Mochnik<\/p>\n","protected":false},"featured_media":11429,"template":"","tags":[624,500,501,625],"product-category":[492,493],"_links":{"self":[{"href":"https:\/\/hurtownia.komandor.pl\/kalisz\/wp-json\/wp\/v2\/product\/11430"}],"collection":[{"href":"https:\/\/hurtownia.komandor.pl\/kalisz\/wp-json\/wp\/v2\/product"}],"about":[{"href":"https:\/\/hurtownia.komandor.pl\/kalisz\/wp-json\/wp\/v2\/types\/product"}],"wp:featuredmedia":[{"embeddable":true,"href":"https:\/\/hurtownia.komandor.pl\/kalisz\/wp-json\/wp\/v2\/media\/11429"}],"wp:attachment":[{"href":"https:\/\/hurtownia.komandor.pl\/kalisz\/wp-json\/wp\/v2\/media?parent=11430"}],"wp:term":[{"taxonomy":"post_tag","embeddable":true,"href":"https:\/\/hurtownia.komandor.pl\/kalisz\/wp-json\/wp\/v2\/tags?post=11430"},{"taxonomy":"product-category","embeddable":true,"href":"https:\/\/hurtownia.komandor.pl\/kalisz\/wp-json\/wp\/v2\/product-category?post=11430"}],"curies":[{"name":"wp","href":"https:\/\/api.w.org\/{rel}","templated":true}]}}