
{"id":11434,"date":"2021-02-04T11:08:34","date_gmt":"2021-02-04T10:08:34","guid":{"rendered":"https:\/\/hurtownia.komandor.pl\/kalisz\/produkt\/winnipeg-domykacz-srodkowy\/"},"modified":"2021-05-18T16:08:39","modified_gmt":"2021-05-18T14:08:39","slug":"winnipeg-domykacz-srodkowy","status":"publish","type":"product","link":"https:\/\/hurtownia.komandor.pl\/kalisz\/produkt\/winnipeg-domykacz-srodkowy\/","title":{"rendered":"Winnipeg &#8211; Domykacz \u015brodkowy"},"content":{"rendered":"<ul>\n<li>Domykacz \u015brodkowy uniwersalny do drzwi przesuwnych<\/li>\n<li>Na jedno skrzyd\u0142o drzwi potrzebny jest jeden domykacz<\/li>\n<li>Pozosta\u0142e elementy niezb\u0119dne do okucia drzwi sprzedawane s\u0105 osobno<\/li>\n<li>UWAGA! W przypadku zastosowania domykaczy UNO wysoko\u015b\u0107 drzwi nale\u017cy pomniejszy\u0107 o 8mm<\/li>\n<li>Instrukcja monta\u017cu drzwi przesuwnych w systemie Winnipeg dost\u0119pna <a href=\"http:\/\/hurtownia.komandor.slask.pl\/wp-content\/uploads\/2018\/03\/Winnipeg-instrukcja.pdf\">tutaj<\/a><\/li>\n<li>Instrukcja monta\u017cu domykaczy UNO w systemie Winnipeg dost\u0119pna <a href=\"http:\/\/hurtownia.komandor.slask.pl\/wp-content\/uploads\/2018\/03\/Winnipeg-domykacz-instrukcja.pdf\">tutaj<\/a><\/li>\n<li>Instrukcja monta\u017cu domykaczy \u015brodkowych w systemie Winnipeg dost\u0119pna <a href=\"http:\/\/hurtownia.komandor.slask.pl\/wp-content\/uploads\/2018\/03\/Winnipeg-domykacz-\u015brodkowy-instrukcja-1.pdf\">tutaj<\/a><\/li>\n<\/ul>\n<p>&nbsp;<\/p>\n<p>Producent: Komandor<\/p>\n<hr \/>\n<p>Istnieje mo\u017cliwo\u015b\u0107 zam\u00f3wienia gotowych, okutych drzwi przesuwnych. W tym celu prosimy o kontakt z dzia\u0142em handlowym.<\/p>\n","protected":false},"featured_media":10266,"template":"","tags":[539,543],"product-category":[541,542],"_links":{"self":[{"href":"https:\/\/hurtownia.komandor.pl\/kalisz\/wp-json\/wp\/v2\/product\/11434"}],"collection":[{"href":"https:\/\/hurtownia.komandor.pl\/kalisz\/wp-json\/wp\/v2\/product"}],"about":[{"href":"https:\/\/hurtownia.komandor.pl\/kalisz\/wp-json\/wp\/v2\/types\/product"}],"wp:featuredmedia":[{"embeddable":true,"href":"https:\/\/hurtownia.komandor.pl\/kalisz\/wp-json\/wp\/v2\/media\/10266"}],"wp:attachment":[{"href":"https:\/\/hurtownia.komandor.pl\/kalisz\/wp-json\/wp\/v2\/media?parent=11434"}],"wp:term":[{"taxonomy":"post_tag","embeddable":true,"href":"https:\/\/hurtownia.komandor.pl\/kalisz\/wp-json\/wp\/v2\/tags?post=11434"},{"taxonomy":"product-category","embeddable":true,"href":"https:\/\/hurtownia.komandor.pl\/kalisz\/wp-json\/wp\/v2\/product-category?post=11434"}],"curies":[{"name":"wp","href":"https:\/\/api.w.org\/{rel}","templated":true}]}}