
{"id":11440,"date":"2021-02-04T11:08:29","date_gmt":"2021-02-04T10:08:29","guid":{"rendered":"https:\/\/hurtownia.komandor.pl\/kalisz\/produkt\/winnipeg-ramiak-poziomy-dolny\/"},"modified":"2021-05-18T16:08:39","modified_gmt":"2021-05-18T14:08:39","slug":"winnipeg-ramiak-poziomy-dolny","status":"publish","type":"product","link":"https:\/\/hurtownia.komandor.pl\/kalisz\/produkt\/winnipeg-ramiak-poziomy-dolny\/","title":{"rendered":"Winnipeg &#8211; Ramiak poziomy dolny"},"content":{"rendered":"<ul>\n<li>Ramiak poziomy dolny do systemu Winnipeg<\/li>\n<li>Dwa kolory do wyboru: Anoda naturalna i Anoda szampa\u0144ska<\/li>\n<li>D\u0142ugo\u015b\u0107 ramiaka: 1800mm<\/li>\n<li>Ramiak przystosowany do wype\u0142nienia z p\u0142yty o grubo\u015bci 10mm lub przez zastosowanie wk\u0142adki dystansowej r\u00f3wnie\u017c do szk\u0142a o grubo\u015bci 4mm<\/li>\n<li>Pozosta\u0142e elementy niezb\u0119dne do okucia drzwi sprzedawane s\u0105 osobno<\/li>\n<li>Instrukcja monta\u017cu drzwi przesuwnych w systemie Winnipeg dost\u0119pna <a href=\"http:\/\/hurtownia.komandor.slask.pl\/wp-content\/uploads\/2018\/03\/Winnipeg-instrukcja.pdf\">tutaj<\/a><\/li>\n<li>Instrukcja monta\u017cu domykaczy UNO w systemie Winnipeg dost\u0119pna <a href=\"http:\/\/hurtownia.komandor.slask.pl\/wp-content\/uploads\/2018\/03\/Winnipeg-domykacz-instrukcja.pdf\">tutaj<\/a><\/li>\n<li>Instrukcja monta\u017cu domykaczy \u015brodkowych w systemie Winnipeg dost\u0119pna <a href=\"http:\/\/hurtownia.komandor.slask.pl\/wp-content\/uploads\/2018\/03\/Winnipeg-domykacz-\u015brodkowy-instrukcja-1.pdf\">tutaj<\/a><\/li>\n<\/ul>\n<p>&nbsp;<\/p>\n<p>Producent: Komandor<\/p>\n<hr \/>\n<p>Istnieje mo\u017cliwo\u015b\u0107 zam\u00f3wienia gotowych, okutych drzwi przesuwnych. W tym celu prosimy o kontakt z dzia\u0142em handlowym.<\/p>\n","protected":false},"featured_media":9982,"template":"","tags":[539,540],"product-category":[541,542],"_links":{"self":[{"href":"https:\/\/hurtownia.komandor.pl\/kalisz\/wp-json\/wp\/v2\/product\/11440"}],"collection":[{"href":"https:\/\/hurtownia.komandor.pl\/kalisz\/wp-json\/wp\/v2\/product"}],"about":[{"href":"https:\/\/hurtownia.komandor.pl\/kalisz\/wp-json\/wp\/v2\/types\/product"}],"wp:featuredmedia":[{"embeddable":true,"href":"https:\/\/hurtownia.komandor.pl\/kalisz\/wp-json\/wp\/v2\/media\/9982"}],"wp:attachment":[{"href":"https:\/\/hurtownia.komandor.pl\/kalisz\/wp-json\/wp\/v2\/media?parent=11440"}],"wp:term":[{"taxonomy":"post_tag","embeddable":true,"href":"https:\/\/hurtownia.komandor.pl\/kalisz\/wp-json\/wp\/v2\/tags?post=11440"},{"taxonomy":"product-category","embeddable":true,"href":"https:\/\/hurtownia.komandor.pl\/kalisz\/wp-json\/wp\/v2\/product-category?post=11440"}],"curies":[{"name":"wp","href":"https:\/\/api.w.org\/{rel}","templated":true}]}}