
{"id":11448,"date":"2021-02-04T11:08:28","date_gmt":"2021-02-04T10:08:28","guid":{"rendered":"https:\/\/hurtownia.komandor.pl\/kalisz\/produkt\/winnipeg-yoho-tor-dolny\/"},"modified":"2021-05-18T16:08:40","modified_gmt":"2021-05-18T14:08:40","slug":"winnipeg-yoho-tor-dolny","status":"publish","type":"product","link":"https:\/\/hurtownia.komandor.pl\/kalisz\/produkt\/winnipeg-yoho-tor-dolny\/","title":{"rendered":"Winnipeg \/ Yoho &#8211; Tor dolny"},"content":{"rendered":"<ul>\n<li>Tor dolny do system\u00f3w Yoho i Winnipeg (UWAGA! Tor g\u00f3rny sprzedawany osobno)<\/li>\n<li>Dwa kolory do wyboru: Anoda naturalna i Anoda szampa\u0144ska<\/li>\n<li>Sprzeda\u017c w dw\u00f3ch d\u0142ugo\u015bciach: 2,75m i 5,5m<\/li>\n<li>Istnieje mo\u017cliwo\u015b\u0107 przyci\u0119cia toru<\/li>\n<li>Instrukcja monta\u017cu drzwi przesuwnych w systemie Winnipeg dost\u0119pna <a href=\"http:\/\/hurtownia.komandor.slask.pl\/wp-content\/uploads\/2018\/03\/Winnipeg-instrukcja.pdf\">tutaj<\/a><\/li>\n<li>Instrukcja monta\u017cu domykaczy UNO w systemie Winnipeg dost\u0119pna <a href=\"http:\/\/hurtownia.komandor.slask.pl\/wp-content\/uploads\/2018\/03\/Winnipeg-domykacz-instrukcja.pdf\">tutaj<\/a><\/li>\n<li>Instrukcja monta\u017cu domykaczy \u015brodkowych w systemie Winnipeg dost\u0119pna <a href=\"http:\/\/hurtownia.komandor.slask.pl\/wp-content\/uploads\/2018\/03\/Winnipeg-domykacz-\u015brodkowy-instrukcja-1.pdf\">tutaj<\/a><\/li>\n<li>Instrukcje monta\u017cu drzwi w systemie Yoho dost\u0119pne tutaj: <a href=\"http:\/\/hurtownia.komandor.slask.pl\/wp-content\/uploads\/2018\/03\/Yoho-1-instrukcja.pdf\">Yoho 1<\/a>, <a href=\"http:\/\/hurtownia.komandor.slask.pl\/wp-content\/uploads\/2018\/03\/Yoho-2-instrukcja.pdf\">Yoho 2<\/a>, <a href=\"http:\/\/hurtownia.komandor.slask.pl\/wp-content\/uploads\/2018\/03\/Yoho-3-instrukcja.pdf\">Yoho 3<\/a>, <a href=\"http:\/\/hurtownia.komandor.slask.pl\/wp-content\/uploads\/2018\/03\/Yoho-4-instrukcja.pdf\">Yoho 4<\/a>, <a href=\"http:\/\/hurtownia.komandor.slask.pl\/wp-content\/uploads\/2018\/03\/Multiyoho-instrukcja.pdf\">MultiYoho<\/a><\/li>\n<\/ul>\n<p>&nbsp;<\/p>\n<p>Producent: Komandor<\/p>\n<hr \/>\n<p>Istnieje mo\u017cliwo\u015b\u0107 zam\u00f3wienia gotowych, okutych drzwi przesuwnych. W tym celu prosimy o kontakt z dzia\u0142em handlowym.<\/p>\n","protected":false},"featured_media":9951,"template":"","tags":[539,540],"product-category":[541,542],"_links":{"self":[{"href":"https:\/\/hurtownia.komandor.pl\/kalisz\/wp-json\/wp\/v2\/product\/11448"}],"collection":[{"href":"https:\/\/hurtownia.komandor.pl\/kalisz\/wp-json\/wp\/v2\/product"}],"about":[{"href":"https:\/\/hurtownia.komandor.pl\/kalisz\/wp-json\/wp\/v2\/types\/product"}],"wp:featuredmedia":[{"embeddable":true,"href":"https:\/\/hurtownia.komandor.pl\/kalisz\/wp-json\/wp\/v2\/media\/9951"}],"wp:attachment":[{"href":"https:\/\/hurtownia.komandor.pl\/kalisz\/wp-json\/wp\/v2\/media?parent=11448"}],"wp:term":[{"taxonomy":"post_tag","embeddable":true,"href":"https:\/\/hurtownia.komandor.pl\/kalisz\/wp-json\/wp\/v2\/tags?post=11448"},{"taxonomy":"product-category","embeddable":true,"href":"https:\/\/hurtownia.komandor.pl\/kalisz\/wp-json\/wp\/v2\/product-category?post=11448"}],"curies":[{"name":"wp","href":"https:\/\/api.w.org\/{rel}","templated":true}]}}