
{"id":11459,"date":"2021-02-04T11:08:29","date_gmt":"2021-02-04T10:08:29","guid":{"rendered":"https:\/\/hurtownia.komandor.pl\/kalisz\/produkt\/yoho-1-ramiak-pionowy\/"},"modified":"2021-05-18T16:09:45","modified_gmt":"2021-05-18T14:09:45","slug":"yoho-1-ramiak-pionowy","status":"publish","type":"product","link":"https:\/\/hurtownia.komandor.pl\/kalisz\/produkt\/yoho-1-ramiak-pionowy\/","title":{"rendered":"Yoho 1 &#8211; Ramiak pionowy"},"content":{"rendered":"<ul>\n<li>Ramiak pionowy do systemu Yoho<\/li>\n<li>Dwa kolory do wyboru: Anoda naturalna i Anoda szampa\u0144ska<\/li>\n<li>D\u0142ugo\u015b\u0107 ramiaka: 2700mm<\/li>\n<li>Ramiak przystosowany do wype\u0142nienia z p\u0142yty o grubo\u015bci 18mm<\/li>\n<li>Pozosta\u0142e elementy niezb\u0119dne do okucia drzwi sprzedawane s\u0105 osobno<\/li>\n<li>Instrukcja monta\u017cu drzwi w systemie Yoho 1 dost\u0119pna <a href=\"http:\/\/hurtownia.komandor.slask.pl\/wp-content\/uploads\/2018\/03\/Yoho-1-instrukcja.pdf\">tutaj<\/a><\/li>\n<\/ul>\n<p>&nbsp;<\/p>\n<p>Producent: Komandor<\/p>\n<hr \/>\n<p>Istnieje mo\u017cliwo\u015b\u0107 zam\u00f3wienia gotowych, okutych drzwi przesuwnych. W tym celu prosimy o kontakt z dzia\u0142em handlowym.<\/p>\n","protected":false},"featured_media":10001,"template":"","tags":[539,540],"product-category":[541,542],"_links":{"self":[{"href":"https:\/\/hurtownia.komandor.pl\/kalisz\/wp-json\/wp\/v2\/product\/11459"}],"collection":[{"href":"https:\/\/hurtownia.komandor.pl\/kalisz\/wp-json\/wp\/v2\/product"}],"about":[{"href":"https:\/\/hurtownia.komandor.pl\/kalisz\/wp-json\/wp\/v2\/types\/product"}],"wp:featuredmedia":[{"embeddable":true,"href":"https:\/\/hurtownia.komandor.pl\/kalisz\/wp-json\/wp\/v2\/media\/10001"}],"wp:attachment":[{"href":"https:\/\/hurtownia.komandor.pl\/kalisz\/wp-json\/wp\/v2\/media?parent=11459"}],"wp:term":[{"taxonomy":"post_tag","embeddable":true,"href":"https:\/\/hurtownia.komandor.pl\/kalisz\/wp-json\/wp\/v2\/tags?post=11459"},{"taxonomy":"product-category","embeddable":true,"href":"https:\/\/hurtownia.komandor.pl\/kalisz\/wp-json\/wp\/v2\/product-category?post=11459"}],"curies":[{"name":"wp","href":"https:\/\/api.w.org\/{rel}","templated":true}]}}