
{"id":11463,"date":"2021-02-04T11:08:34","date_gmt":"2021-02-04T10:08:34","guid":{"rendered":"https:\/\/hurtownia.komandor.pl\/kalisz\/produkt\/kallisto-domykacz-uno-50-kg\/"},"modified":"2021-05-18T16:07:23","modified_gmt":"2021-05-18T14:07:23","slug":"kallisto-domykacz-uno-50-kg","status":"publish","type":"product","link":"https:\/\/hurtownia.komandor.pl\/kalisz\/produkt\/kallisto-domykacz-uno-50-kg\/","title":{"rendered":"Kallisto &#8211; Domykacz UNO 50 kg"},"content":{"rendered":"<ul>\n<li>Domykacz UNO do drzwi przesuwnych o wadze 25-50 kg<\/li>\n<li>Pozosta\u0142e elementy niezb\u0119dne do monta\u017cu drzwi w systemie Kallisto drzwi sprzedawane s\u0105 osobno<\/li>\n<li>Instrukcja monta\u017cu systemu Kallisto dost\u0119pna <a href=\"https:\/\/hurtownia.komandor.pl\/podkarpackie\/wp-content\/uploads\/2018\/05\/Kallisto-instrukcja.pdf\">tutaj<\/a><\/li>\n<\/ul>\n<p>&nbsp;<\/p>\n<p>Producent: Komandor<\/p>\n","protected":false},"featured_media":9994,"template":"","tags":[539,543],"product-category":[568,541],"_links":{"self":[{"href":"https:\/\/hurtownia.komandor.pl\/kalisz\/wp-json\/wp\/v2\/product\/11463"}],"collection":[{"href":"https:\/\/hurtownia.komandor.pl\/kalisz\/wp-json\/wp\/v2\/product"}],"about":[{"href":"https:\/\/hurtownia.komandor.pl\/kalisz\/wp-json\/wp\/v2\/types\/product"}],"wp:featuredmedia":[{"embeddable":true,"href":"https:\/\/hurtownia.komandor.pl\/kalisz\/wp-json\/wp\/v2\/media\/9994"}],"wp:attachment":[{"href":"https:\/\/hurtownia.komandor.pl\/kalisz\/wp-json\/wp\/v2\/media?parent=11463"}],"wp:term":[{"taxonomy":"post_tag","embeddable":true,"href":"https:\/\/hurtownia.komandor.pl\/kalisz\/wp-json\/wp\/v2\/tags?post=11463"},{"taxonomy":"product-category","embeddable":true,"href":"https:\/\/hurtownia.komandor.pl\/kalisz\/wp-json\/wp\/v2\/product-category?post=11463"}],"curies":[{"name":"wp","href":"https:\/\/api.w.org\/{rel}","templated":true}]}}