
{"id":11466,"date":"2021-02-04T11:08:34","date_gmt":"2021-02-04T10:08:34","guid":{"rendered":"https:\/\/hurtownia.komandor.pl\/kalisz\/produkt\/kallisto-tor-gorny-i-dolny\/"},"modified":"2021-05-18T16:07:23","modified_gmt":"2021-05-18T14:07:23","slug":"kallisto-tor-gorny-i-dolny","status":"publish","type":"product","link":"https:\/\/hurtownia.komandor.pl\/kalisz\/produkt\/kallisto-tor-gorny-i-dolny\/","title":{"rendered":"Kallisto &#8211; Tor g\u00f3rny i dolny"},"content":{"rendered":"<ul>\n<li>Komplet toru g\u00f3rnego i dolnego do systemu Kallisto<\/li>\n<li>Cztery kolory do wyboru<\/li>\n<li>D\u0142ugo\u015b\u0107 toru: 2,75m<\/li>\n<li>Pozosta\u0142e elementy niezb\u0119dne do monta\u017cu drzwi w systemie Kallisto sprzedawane s\u0105 osobno<\/li>\n<li>Instrukcja monta\u017cu systemu Kallisto dost\u0119pna <a href=\"https:\/\/hurtownia.komandor.pl\/podkarpackie\/wp-content\/uploads\/2018\/05\/Kallisto-instrukcja.pdf\">tutaj<\/a><\/li>\n<\/ul>\n<p>&nbsp;<\/p>\n<p>Producent: Komandor<\/p>\n","protected":false},"featured_media":10281,"template":"","tags":[539,540],"product-category":[568,541],"_links":{"self":[{"href":"https:\/\/hurtownia.komandor.pl\/kalisz\/wp-json\/wp\/v2\/product\/11466"}],"collection":[{"href":"https:\/\/hurtownia.komandor.pl\/kalisz\/wp-json\/wp\/v2\/product"}],"about":[{"href":"https:\/\/hurtownia.komandor.pl\/kalisz\/wp-json\/wp\/v2\/types\/product"}],"wp:featuredmedia":[{"embeddable":true,"href":"https:\/\/hurtownia.komandor.pl\/kalisz\/wp-json\/wp\/v2\/media\/10281"}],"wp:attachment":[{"href":"https:\/\/hurtownia.komandor.pl\/kalisz\/wp-json\/wp\/v2\/media?parent=11466"}],"wp:term":[{"taxonomy":"post_tag","embeddable":true,"href":"https:\/\/hurtownia.komandor.pl\/kalisz\/wp-json\/wp\/v2\/tags?post=11466"},{"taxonomy":"product-category","embeddable":true,"href":"https:\/\/hurtownia.komandor.pl\/kalisz\/wp-json\/wp\/v2\/product-category?post=11466"}],"curies":[{"name":"wp","href":"https:\/\/api.w.org\/{rel}","templated":true}]}}