
{"id":11468,"date":"2021-02-04T11:08:36","date_gmt":"2021-02-04T10:08:36","guid":{"rendered":"https:\/\/hurtownia.komandor.pl\/kalisz\/produkt\/kallisto-zestaw-montazowy-2d\/"},"modified":"2021-05-18T16:07:23","modified_gmt":"2021-05-18T14:07:23","slug":"kallisto-zestaw-montazowy-2d","status":"publish","type":"product","link":"https:\/\/hurtownia.komandor.pl\/kalisz\/produkt\/kallisto-zestaw-montazowy-2d\/","title":{"rendered":"Kallisto &#8211; Zestaw monta\u017cowy 2D"},"content":{"rendered":"<ul>\n<li>Komplet w\u00f3zk\u00f3w g\u00f3rnych i dolnych na dwoje drzwi<\/li>\n<li>Pozosta\u0142e elementy niezb\u0119dne do monta\u017cu drzwi w systemie Kallisto sprzedawane s\u0105 osobno<\/li>\n<li>Instrukcja monta\u017cu systemu Kallisto dost\u0119pna <a href=\"https:\/\/hurtownia.komandor.pl\/podkarpackie\/wp-content\/uploads\/2018\/05\/Kallisto-instrukcja.pdf\">tutaj<\/a><\/li>\n<\/ul>\n<p>&nbsp;<\/p>\n<p>Producent: Komandor<\/p>\n","protected":false},"featured_media":10289,"template":"","tags":[539,543],"product-category":[568,541],"_links":{"self":[{"href":"https:\/\/hurtownia.komandor.pl\/kalisz\/wp-json\/wp\/v2\/product\/11468"}],"collection":[{"href":"https:\/\/hurtownia.komandor.pl\/kalisz\/wp-json\/wp\/v2\/product"}],"about":[{"href":"https:\/\/hurtownia.komandor.pl\/kalisz\/wp-json\/wp\/v2\/types\/product"}],"wp:featuredmedia":[{"embeddable":true,"href":"https:\/\/hurtownia.komandor.pl\/kalisz\/wp-json\/wp\/v2\/media\/10289"}],"wp:attachment":[{"href":"https:\/\/hurtownia.komandor.pl\/kalisz\/wp-json\/wp\/v2\/media?parent=11468"}],"wp:term":[{"taxonomy":"post_tag","embeddable":true,"href":"https:\/\/hurtownia.komandor.pl\/kalisz\/wp-json\/wp\/v2\/tags?post=11468"},{"taxonomy":"product-category","embeddable":true,"href":"https:\/\/hurtownia.komandor.pl\/kalisz\/wp-json\/wp\/v2\/product-category?post=11468"}],"curies":[{"name":"wp","href":"https:\/\/api.w.org\/{rel}","templated":true}]}}