
{"id":11677,"date":"2021-05-04T13:53:55","date_gmt":"2021-05-04T11:53:55","guid":{"rendered":"https:\/\/hurtownia.komandor.pl\/lodzkie\/?page_id=11677"},"modified":"2021-05-05T12:14:18","modified_gmt":"2021-05-05T10:14:18","slug":"systemy-drzwi-przesuwnych-w-lodzkiej-hurtowni-komandor","status":"publish","type":"page","link":"https:\/\/hurtownia.komandor.pl\/lodzkie\/systemy-drzwi-przesuwnych-w-lodzkiej-hurtowni-komandor\/","title":{"rendered":"Systemy drzwi przesuwnych w \u0141\u00f3dzkiej Hurtowni Komandor"},"content":{"rendered":"<p><strong>Systemy drzwi przesuwnych w \u0141\u00f3dzkiej Hurtowni Komandor<\/strong><\/p>\n<p><strong>Drzwi przesuwne<\/strong> goszcz\u0105 w wielu domach. Stosowane s\u0105 nie tylko w meblach, ale tak\u017ce przy monta\u017cu drzwi dziel\u0105cych pomieszczenia. S\u0105 to bardzo praktyczne rozwi\u0105zania, kt\u00f3re doskonale sprawdzaj\u0105 si\u0119 przede wszystkim w niewielkich pomieszczeniach. Na co wi\u0119c zwraca\u0107 uwag\u0119 wybieraj\u0105c odpowiedni <strong>system drzwi przesuwnych<\/strong>, aby m\u00f3g\u0142 nam d\u0142ugo s\u0142u\u017cy\u0107, a nasze drzwi dzia\u0142a\u0142y bez zarzutu?<\/p>\n<p><strong>Czym si\u0119 kierowa\u0107 przy wyborze odpowiedniego systemu?<\/strong><\/p>\n<p>Przede wszystkim jako\u015bci\u0105 materia\u0142\u00f3w, z jakiego jest on wykonany system drzwi przesuwnych. Wysoka jako\u015b\u0107 gwarantuje, \u017ce nasze drzwi b\u0119d\u0105 dzia\u0142a\u0142y prawid\u0142owo. <strong>Zmniejsza si\u0119 ryzyko uszkodze\u0144 poszczeg\u00f3lnych element\u00f3w ca\u0142ego systemu<\/strong>, a co za tym idzie konieczno\u015bci ich wymiany czy naprawy.<\/p>\n<p><strong>Systemy drzwi przesuwnych dost\u0119pne w Hurtowni Komandor:<\/strong><\/p>\n<ul>\n<li><strong>\u00a0Systemy stalowe<\/strong><\/li>\n<\/ul>\n<ul>\n<li><a href=\"https:\/\/hurtownia.komandor.pl\/lodzkie\/standard\/\">Standard<\/a><\/li>\n<li><a href=\"https:\/\/hurtownia.komandor.pl\/lodzkie\/lux-2\/\">LUX<\/a><\/li>\n<\/ul>\n<ul>\n<li><strong>Systemy aluminiowe<\/strong><\/li>\n<\/ul>\n<ul>\n<li><a href=\"https:\/\/hurtownia.komandor.pl\/lodzkie\/agat-2\/\">Agat<\/a><\/li>\n<li><a href=\"https:\/\/hurtownia.komandor.pl\/lodzkie\/onyx\/\">Onyx<\/a><\/li>\n<li><a href=\"https:\/\/hurtownia.komandor.pl\/lodzkie\/lazuryt-2\/\">Lazuryt<\/a><\/li>\n<li><a href=\"https:\/\/hurtownia.komandor.pl\/lodzkie\/szafir-2\/\">Szafir<\/a><\/li>\n<li><a href=\"https:\/\/hurtownia.komandor.pl\/lodzkie\/sahara-1-2\/\">Sahara 1<\/a><\/li>\n<li><a href=\"https:\/\/hurtownia.komandor.pl\/lodzkie\/sahara-2-2\/\">Sahara 2<\/a><\/li>\n<li><a href=\"https:\/\/hurtownia.komandor.pl\/lodzkie\/winnipeg-1\/\">Winipeg 1<\/a><\/li>\n<li><a href=\"https:\/\/hurtownia.komandor.pl\/lodzkie\/winnipeg-3\/\">Winipeg 3<\/a><\/li>\n<\/ul>\n<p><strong>Elementy sk\u0142adowe system\u00f3w drzwi przesuwnych KOMANDOR<\/strong><\/p>\n<ul>\n<li>Profile, czyli tak zwane ramiaki lub r\u0105czki. S\u0105 to elementy sk\u0142adowe tworz\u0105ce ram\u0119 oraz uchwyt drzwi. Profile oferowane w naszej Hurtowni s\u0105 dost\u0119pne w rozmaitych kszta\u0142tach, kolorach oraz rozmiarach.<\/li>\n<li>Prowadniki g\u00f3rne \u2013 to w\u0142a\u015bnie dzi\u0119ki nim drzwi trzymaj\u0105 si\u0119 w pionie i mamy mo\u017cliwo\u015b\u0107 ich przesuwania.<\/li>\n<li>W\u00f3zki dolne, czyli oparcie dla drzwi.<\/li>\n<li>Elementy dodatkowe takie jak paski buforowe, paski uszczelniaj\u0105ce oraz domykacze gazowe.<\/li>\n<\/ul>\n<p><strong>Zainteresowa\u0142y Ci\u0119 systemy drzwi przesuwnych dost\u0119pne w naszej Hurtowni wyce\u0144 je w naszym programie hurtowym:<\/strong><\/p>\n<p><a href=\"https:\/\/ocs.komandor.com\/\">https:\/\/ocs.komandor.com\/<\/a><\/p>\n<p>lub skontaktuj si\u0119 z :<\/p>\n<p>Maksymilian B\u0142awat<br \/>\nPrzedstawiciel Handlowy<br \/>\nKom. +48 601 081 444<br \/>\n<a href=\"mailto:mblawat@komandor.pl\">mblawat@komandor.pl<\/a><\/p>\n","protected":false},"excerpt":{"rendered":"<p><strong>Systemy drzwi przesuwnych w \u0141\u00f3dzkiej Hurtowni Komandor<\/strong><\/p>\n<p><strong>Drzwi przesuwne<\/strong> goszcz\u0105 w wielu domach. Stosowane s\u0105 nie tylko w meblach, ale tak\u017ce przy monta\u017cu drzwi dziel\u0105cych pomieszczenia. S\u0105 to bardzo praktyczne rozwi\u0105zania, kt\u00f3re doskonale sprawdzaj\u0105 si\u0119 przede wszystkim w niewielkich pomieszczeniach. Na co wi\u0119c zwraca\u0107 uwag\u0119 wybieraj\u0105c odpowiedni <strong>system drzwi przesuwnych<\/strong>, aby m\u00f3g\u0142 nam d\u0142ugo s\u0142u\u017cy\u0107, a nasze drzwi dzia\u0142a\u0142y bez zarzutu?<\/p>\n<p><strong>Czym si\u0119 kierowa\u0107 przy wyborze odpowiedniego systemu?<\/strong><\/p>\n","protected":false},"author":3,"featured_media":0,"parent":0,"menu_order":0,"comment_status":"closed","ping_status":"closed","template":"","meta":[],"_links":{"self":[{"href":"https:\/\/hurtownia.komandor.pl\/lodzkie\/wp-json\/wp\/v2\/pages\/11677"}],"collection":[{"href":"https:\/\/hurtownia.komandor.pl\/lodzkie\/wp-json\/wp\/v2\/pages"}],"about":[{"href":"https:\/\/hurtownia.komandor.pl\/lodzkie\/wp-json\/wp\/v2\/types\/page"}],"author":[{"embeddable":true,"href":"https:\/\/hurtownia.komandor.pl\/lodzkie\/wp-json\/wp\/v2\/users\/3"}],"replies":[{"embeddable":true,"href":"https:\/\/hurtownia.komandor.pl\/lodzkie\/wp-json\/wp\/v2\/comments?post=11677"}],"version-history":[{"count":7,"href":"https:\/\/hurtownia.komandor.pl\/lodzkie\/wp-json\/wp\/v2\/pages\/11677\/revisions"}],"predecessor-version":[{"id":11751,"href":"https:\/\/hurtownia.komandor.pl\/lodzkie\/wp-json\/wp\/v2\/pages\/11677\/revisions\/11751"}],"wp:attachment":[{"href":"https:\/\/hurtownia.komandor.pl\/lodzkie\/wp-json\/wp\/v2\/media?parent=11677"}],"curies":[{"name":"wp","href":"https:\/\/api.w.org\/{rel}","templated":true}]}}