
{"id":11679,"date":"2021-05-04T14:03:27","date_gmt":"2021-05-04T12:03:27","guid":{"rendered":"https:\/\/hurtownia.komandor.pl\/lodzkie\/?page_id=11679"},"modified":"2021-05-05T12:00:55","modified_gmt":"2021-05-05T10:00:55","slug":"standard","status":"publish","type":"page","link":"https:\/\/hurtownia.komandor.pl\/lodzkie\/standard\/","title":{"rendered":"STANDARD"},"content":{"rendered":"<p><strong><em>\u00a0<\/em><\/strong><\/p>\n<p><img loading=\"lazy\" class=\"size-full wp-image-11680 alignleft\" src=\"https:\/\/hurtownia.komandor.pl\/lodzkie\/wp-content\/uploads\/2021\/05\/STANDARD.jpg\" alt=\"\" width=\"277\" height=\"198\" \/><\/p>\n<p>Parametry:<\/p>\n<p>Max. Wysoko\u015b\u0107 drzwi: 2750mm<br \/>\nMax. Szeroko\u015b\u0107 drzwi: 1200mm<br \/>\nDostosowany do wype\u0142nie\u0144: 4mm, 10mm<\/p>\n<p>W\u0142a\u015bciwo\u015bci:<\/p>\n<p>Najwi\u0119ksza spo\u015br\u00f3d wszystkich system\u00f3w regulacja wysoko\u015bci drzwi<br \/>\nFunkcja anti-jumping zabezpiecza przed wypadni\u0119ciem drzwi z toru dolnego<br \/>\nLekko\u015b\u0107 przesuwania drzwi dzi\u0119ki rolkom osadzonym na \u0142o\u017cyskach w\u00f3zk\u00f3w<br \/>\nPaski buforowe z kr\u00f3tkim i d\u0142ugim w\u0142osem, t\u0142umi\u0105 drgania przy zamykaniu drzwi i chroni\u0105 przed kurzem<br \/>\nWype\u0142nienia do wyboru: p\u0142yta laminowana, szyba, akryl, lakier\u00a0 lub lustro<\/p>\n","protected":false},"excerpt":{"rendered":"<p><strong><em>\u00a0<\/em><\/strong><\/p>\n<p><img loading=\"lazy\" class=\"size-full wp-image-11680 alignleft\" src=\"https:\/\/hurtownia.komandor.pl\/lodzkie\/wp-content\/uploads\/2021\/05\/STANDARD.jpg\" alt=\"\" width=\"277\" height=\"198\" \/><\/p>\n<p>Parametry:<\/p>\n<p>Max. Wysoko\u015b\u0107 drzwi: 2750mm<br \/>\nMax. Szeroko\u015b\u0107 drzwi: 1200mm<br \/>\nDostosowany do wype\u0142nie\u0144: 4mm, 10mm<\/p>\n<p>W\u0142a\u015bciwo\u015bci:<\/p>\n<p>Najwi\u0119ksza spo\u015br\u00f3d wszystkich system\u00f3w regulacja wysoko\u015bci drzwi<br \/>\nFunkcja anti-jumping zabezpiecza przed wypadni\u0119ciem drzwi z toru dolnego<br \/>\nLekko\u015b\u0107 przesuwania drzwi dzi\u0119ki rolkom osadzonym na \u0142o\u017cyskach w\u00f3zk\u00f3w<br \/>\nPaski buforowe z kr\u00f3tkim i d\u0142ugim w\u0142osem, t\u0142umi\u0105 drgania przy zamykaniu drzwi i chroni\u0105 przed kurzem<br \/>\nWype\u0142nienia do wyboru: p\u0142yta laminowana,<\/p>\n","protected":false},"author":3,"featured_media":11680,"parent":0,"menu_order":0,"comment_status":"closed","ping_status":"closed","template":"","meta":[],"_links":{"self":[{"href":"https:\/\/hurtownia.komandor.pl\/lodzkie\/wp-json\/wp\/v2\/pages\/11679"}],"collection":[{"href":"https:\/\/hurtownia.komandor.pl\/lodzkie\/wp-json\/wp\/v2\/pages"}],"about":[{"href":"https:\/\/hurtownia.komandor.pl\/lodzkie\/wp-json\/wp\/v2\/types\/page"}],"author":[{"embeddable":true,"href":"https:\/\/hurtownia.komandor.pl\/lodzkie\/wp-json\/wp\/v2\/users\/3"}],"replies":[{"embeddable":true,"href":"https:\/\/hurtownia.komandor.pl\/lodzkie\/wp-json\/wp\/v2\/comments?post=11679"}],"version-history":[{"count":4,"href":"https:\/\/hurtownia.komandor.pl\/lodzkie\/wp-json\/wp\/v2\/pages\/11679\/revisions"}],"predecessor-version":[{"id":11685,"href":"https:\/\/hurtownia.komandor.pl\/lodzkie\/wp-json\/wp\/v2\/pages\/11679\/revisions\/11685"}],"wp:featuredmedia":[{"embeddable":true,"href":"https:\/\/hurtownia.komandor.pl\/lodzkie\/wp-json\/wp\/v2\/media\/11680"}],"wp:attachment":[{"href":"https:\/\/hurtownia.komandor.pl\/lodzkie\/wp-json\/wp\/v2\/media?parent=11679"}],"curies":[{"name":"wp","href":"https:\/\/api.w.org\/{rel}","templated":true}]}}