
{"id":11691,"date":"2021-05-05T10:21:39","date_gmt":"2021-05-05T08:21:39","guid":{"rendered":"https:\/\/hurtownia.komandor.pl\/lodzkie\/?page_id=11691"},"modified":"2021-05-05T11:57:08","modified_gmt":"2021-05-05T09:57:08","slug":"agat-2","status":"publish","type":"page","link":"https:\/\/hurtownia.komandor.pl\/lodzkie\/agat-2\/","title":{"rendered":"AGAT"},"content":{"rendered":"<p><img loading=\"lazy\" class=\"size-full wp-image-11692 alignleft\" src=\"https:\/\/hurtownia.komandor.pl\/lodzkie\/wp-content\/uploads\/2021\/05\/AGAT.jpg\" alt=\"\" width=\"277\" height=\"198\" \/><\/p>\n<p>Parametry:<\/p>\n<p>Max. Wysoko\u015b\u0107 drzwi: 2750mm<br \/>\nMax. Szeroko\u015b\u0107 drzwi: 1200mm<br \/>\nDostosowany do wype\u0142nie\u0144: 4mm, 10mm<\/p>\n<p>W\u0142a\u015bciwo\u015bci:<\/p>\n<p>Profil aluminiowy o zaokr\u0105glonych kszta\u0142tach.<br \/>\nMo\u017cliwe wype\u0142nienia: p\u0142yta laminowana, szyba, akryl, lakier lub lustro<br \/>\nMo\u017cliwo\u015b\u0107 dodania specjalnie zaprojektowanych uchwyt\u00f3w dla \u0142atwego otwierania i zamykania drzwi.<br \/>\nDrzwi z wype\u0142nieniem jednolitym, \u0142\u0105czone z r\u00f3\u017cnych materia\u0142\u00f3w lub z imitacj\u0105 podzia\u0142\u00f3w za pomoc\u0105 listwy ozdobnej.<br \/>\nPaski buforowe z kr\u00f3tkim i d\u0142ugim w\u0142osem, t\u0142umi\u0105 drgania przy zamykaniu drzwi i chroni\u0105 przed kurzem.<br \/>\nFunkcja anti-jumping zabezpiecza przed wypadni\u0119ciem drzwi z toru dolnego.<br \/>\nLekka i cicha praca drzwi.<br \/>\nUkryty system jezdny i niewidoczne mocowania.<br \/>\nP\u0142ynna regulacja wysoko\u015bci drzwi.<br \/>\nMo\u017cliwo\u015b\u0107 do\u0142o\u017cenia domykaczy pneumatyczne w torze g\u00f3rnym \u0142agodnie domykaj\u0105 drzwi.<\/p>\n","protected":false},"excerpt":{"rendered":"<p><img loading=\"lazy\" class=\"size-full wp-image-11692 alignleft\" src=\"https:\/\/hurtownia.komandor.pl\/lodzkie\/wp-content\/uploads\/2021\/05\/AGAT.jpg\" alt=\"\" width=\"277\" height=\"198\" \/><\/p>\n<p>Parametry:<\/p>\n<p>Max. Wysoko\u015b\u0107 drzwi: 2750mm<br \/>\nMax. Szeroko\u015b\u0107 drzwi: 1200mm<br \/>\nDostosowany do wype\u0142nie\u0144: 4mm, 10mm<\/p>\n<p>W\u0142a\u015bciwo\u015bci:<\/p>\n<p>Profil aluminiowy o zaokr\u0105glonych kszta\u0142tach.<br \/>\nMo\u017cliwe wype\u0142nienia: p\u0142yta laminowana, szyba, akryl, lakier lub lustro<br \/>\nMo\u017cliwo\u015b\u0107 dodania specjalnie zaprojektowanych uchwyt\u00f3w dla \u0142atwego otwierania i zamykania drzwi.<br \/>\nDrzwi z wype\u0142nieniem jednolitym, \u0142\u0105czone z r\u00f3\u017cnych materia\u0142\u00f3w lub z imitacj\u0105 podzia\u0142\u00f3w za pomoc\u0105 listwy ozdobnej.<br \/>\nPaski buforowe z kr\u00f3tkim i d\u0142ugim w\u0142osem,<\/p>\n","protected":false},"author":3,"featured_media":11692,"parent":0,"menu_order":0,"comment_status":"closed","ping_status":"closed","template":"","meta":[],"_links":{"self":[{"href":"https:\/\/hurtownia.komandor.pl\/lodzkie\/wp-json\/wp\/v2\/pages\/11691"}],"collection":[{"href":"https:\/\/hurtownia.komandor.pl\/lodzkie\/wp-json\/wp\/v2\/pages"}],"about":[{"href":"https:\/\/hurtownia.komandor.pl\/lodzkie\/wp-json\/wp\/v2\/types\/page"}],"author":[{"embeddable":true,"href":"https:\/\/hurtownia.komandor.pl\/lodzkie\/wp-json\/wp\/v2\/users\/3"}],"replies":[{"embeddable":true,"href":"https:\/\/hurtownia.komandor.pl\/lodzkie\/wp-json\/wp\/v2\/comments?post=11691"}],"version-history":[{"count":3,"href":"https:\/\/hurtownia.komandor.pl\/lodzkie\/wp-json\/wp\/v2\/pages\/11691\/revisions"}],"predecessor-version":[{"id":11738,"href":"https:\/\/hurtownia.komandor.pl\/lodzkie\/wp-json\/wp\/v2\/pages\/11691\/revisions\/11738"}],"wp:featuredmedia":[{"embeddable":true,"href":"https:\/\/hurtownia.komandor.pl\/lodzkie\/wp-json\/wp\/v2\/media\/11692"}],"wp:attachment":[{"href":"https:\/\/hurtownia.komandor.pl\/lodzkie\/wp-json\/wp\/v2\/media?parent=11691"}],"curies":[{"name":"wp","href":"https:\/\/api.w.org\/{rel}","templated":true}]}}