
{"id":11709,"date":"2021-05-05T10:41:35","date_gmt":"2021-05-05T08:41:35","guid":{"rendered":"https:\/\/hurtownia.komandor.pl\/lodzkie\/?page_id=11709"},"modified":"2021-05-05T11:59:23","modified_gmt":"2021-05-05T09:59:23","slug":"winnipeg-1","status":"publish","type":"page","link":"https:\/\/hurtownia.komandor.pl\/lodzkie\/winnipeg-1\/","title":{"rendered":"WINNIPEG 1"},"content":{"rendered":"<p><img loading=\"lazy\" class=\"size-medium wp-image-11713 alignleft\" src=\"https:\/\/hurtownia.komandor.pl\/lodzkie\/wp-content\/uploads\/2021\/05\/winnipeg1-300x300.jpg\" alt=\"\" width=\"300\" height=\"300\" \/><\/p>\n<p>&nbsp;<\/p>\n<p>Parametry:<\/p>\n<p>Max. Wysoko\u015b\u0107 drzwi: 2750mm<br \/>\nMax. Szeroko\u015b\u0107 drzwi: 1200mm<br \/>\nDostosowany do wype\u0142nie\u0144: 4mm, 10mm<\/p>\n<p>W\u0142a\u015bciwo\u015bci:<\/p>\n<p>Mo\u017cliwe wype\u0142nienia: p\u0142yta laminowana, szyba, akryl, lakier lub lustro..<br \/>\nDrzwi z wype\u0142nieniem jednolitym, \u0142\u0105czone z r\u00f3\u017cnych materia\u0142\u00f3w lub z imitacj\u0105 podzia\u0142\u00f3w za pomoc\u0105 listwy ozdobnej.<br \/>\nPaski buforowe z kr\u00f3tkim i d\u0142ugim w\u0142osem, t\u0142umi\u0105 drgania przy zamykaniu drzwi i chroni\u0105 przed kurzem.<br \/>\nFunkcja anti-jumping zabezpiecza przed wypadni\u0119ciem drzwi z toru dolnego.<br \/>\nElementy jezdne (w\u00f3zki dolne) posiadaj\u0105 rolki z \u0142o\u017cyskami kulkowymi, co zapewnia im d\u0142ugotrwa\u0142\u0105 i p\u0142ynn\u0105 prace.<br \/>\nP\u0142ynna regulacja wysoko\u015bci drzwi.<\/p>\n","protected":false},"excerpt":{"rendered":"<p><img loading=\"lazy\" class=\"size-medium wp-image-11713 alignleft\" src=\"https:\/\/hurtownia.komandor.pl\/lodzkie\/wp-content\/uploads\/2021\/05\/winnipeg1-300x300.jpg\" alt=\"\" width=\"300\" height=\"300\" \/><\/p>\n<p>&nbsp;<\/p>\n<p>Parametry:<\/p>\n<p>Max. Wysoko\u015b\u0107 drzwi: 2750mm<br \/>\nMax. Szeroko\u015b\u0107 drzwi: 1200mm<br \/>\nDostosowany do wype\u0142nie\u0144: 4mm, 10mm<\/p>\n<p>W\u0142a\u015bciwo\u015bci:<\/p>\n<p>Mo\u017cliwe wype\u0142nienia: p\u0142yta laminowana, szyba, akryl, lakier lub lustro..<br \/>\nDrzwi z wype\u0142nieniem jednolitym, \u0142\u0105czone z r\u00f3\u017cnych materia\u0142\u00f3w lub z imitacj\u0105 podzia\u0142\u00f3w za pomoc\u0105 listwy ozdobnej.<br \/>\nPaski buforowe z kr\u00f3tkim i d\u0142ugim w\u0142osem, t\u0142umi\u0105 drgania przy zamykaniu drzwi i chroni\u0105 przed kurzem.<br \/>\nFunkcja anti-jumping zabezpiecza przed wypadni\u0119ciem drzwi z toru dolnego.<\/p>\n","protected":false},"author":3,"featured_media":11713,"parent":0,"menu_order":0,"comment_status":"closed","ping_status":"closed","template":"","meta":[],"_links":{"self":[{"href":"https:\/\/hurtownia.komandor.pl\/lodzkie\/wp-json\/wp\/v2\/pages\/11709"}],"collection":[{"href":"https:\/\/hurtownia.komandor.pl\/lodzkie\/wp-json\/wp\/v2\/pages"}],"about":[{"href":"https:\/\/hurtownia.komandor.pl\/lodzkie\/wp-json\/wp\/v2\/types\/page"}],"author":[{"embeddable":true,"href":"https:\/\/hurtownia.komandor.pl\/lodzkie\/wp-json\/wp\/v2\/users\/3"}],"replies":[{"embeddable":true,"href":"https:\/\/hurtownia.komandor.pl\/lodzkie\/wp-json\/wp\/v2\/comments?post=11709"}],"version-history":[{"count":4,"href":"https:\/\/hurtownia.komandor.pl\/lodzkie\/wp-json\/wp\/v2\/pages\/11709\/revisions"}],"predecessor-version":[{"id":11743,"href":"https:\/\/hurtownia.komandor.pl\/lodzkie\/wp-json\/wp\/v2\/pages\/11709\/revisions\/11743"}],"wp:featuredmedia":[{"embeddable":true,"href":"https:\/\/hurtownia.komandor.pl\/lodzkie\/wp-json\/wp\/v2\/media\/11713"}],"wp:attachment":[{"href":"https:\/\/hurtownia.komandor.pl\/lodzkie\/wp-json\/wp\/v2\/media?parent=11709"}],"curies":[{"name":"wp","href":"https:\/\/api.w.org\/{rel}","templated":true}]}}