
{"id":11746,"date":"2021-05-05T12:09:42","date_gmt":"2021-05-05T10:09:42","guid":{"rendered":"https:\/\/hurtownia.komandor.pl\/lodzkie\/?page_id=11746"},"modified":"2021-05-05T12:10:38","modified_gmt":"2021-05-05T10:10:38","slug":"lazuryt-2","status":"publish","type":"page","link":"https:\/\/hurtownia.komandor.pl\/lodzkie\/lazuryt-2\/","title":{"rendered":"LAZURYT"},"content":{"rendered":"<p><img loading=\"lazy\" class=\"size-full wp-image-11701 alignleft\" src=\"https:\/\/hurtownia.komandor.pl\/lodzkie\/wp-content\/uploads\/2021\/05\/SZAFIR.jpg\" alt=\"\" width=\"277\" height=\"198\" \/><\/p>\n<p>Parametry:<\/p>\n<p>Max. Wysoko\u015b\u0107 drzwi: 2750mm<br \/>\nMax. Szeroko\u015b\u0107 drzwi: 1200mm<br \/>\nDostosowany do wype\u0142nie\u0144: 4mm,, 10mm<\/p>\n<p>W\u0142a\u015bciwo\u015bci:<\/p>\n<p>Mo\u017cliwe wype\u0142nienia: p\u0142yta laminowana, szyba lub lustro, lakier, akryl.<br \/>\nDrzwi z wype\u0142nieniem jednolitym, \u0142\u0105czone z r\u00f3\u017cnych materia\u0142\u00f3w lub z imitacj\u0105 podzia\u0142\u00f3w za pomoc\u0105 listwy ozdobnej.<br \/>\nPaski buforowe z kr\u00f3tkim i d\u0142ugim w\u0142osem, t\u0142umi\u0105 drgania przy zamykaniu drzwi i chroni\u0105 przed kurzem.<br \/>\nFunkcja anti-jumping zabezpiecza przed wypadni\u0119ciem drzwi z toru dolnego.<br \/>\nCicha i lekka praca drzwi dzi\u0119ki rolkom osadzonym na \u0142o\u017cyskach w\u00f3zk\u00f3w.<br \/>\nInnowacyjny, ukryty system jezdny i niewidoczne mocowanie toru dolnego, dzi\u0119ki czemu wype\u0142nieniem drzwi mo\u017ce by\u0107 designerska, przezroczysta szyba.<br \/>\nP\u0142ynna regulacja wysoko\u015bci drzwi.<br \/>\nDomykacze pneumatyczne w torze g\u00f3rnym \u0142agodnie domykaj\u0105 drzwi.<\/p>\n","protected":false},"excerpt":{"rendered":"<p><img loading=\"lazy\" class=\"size-full wp-image-11701 alignleft\" src=\"https:\/\/hurtownia.komandor.pl\/lodzkie\/wp-content\/uploads\/2021\/05\/SZAFIR.jpg\" alt=\"\" width=\"277\" height=\"198\" \/><\/p>\n<p>Parametry:<\/p>\n<p>Max. Wysoko\u015b\u0107 drzwi: 2750mm<br \/>\nMax. Szeroko\u015b\u0107 drzwi: 1200mm<br \/>\nDostosowany do wype\u0142nie\u0144: 4mm,, 10mm<\/p>\n<p>W\u0142a\u015bciwo\u015bci:<\/p>\n<p>Mo\u017cliwe wype\u0142nienia: p\u0142yta laminowana, szyba lub lustro, lakier, akryl.<br \/>\nDrzwi z wype\u0142nieniem jednolitym, \u0142\u0105czone z r\u00f3\u017cnych materia\u0142\u00f3w lub z imitacj\u0105 podzia\u0142\u00f3w za pomoc\u0105 listwy ozdobnej.<br \/>\nPaski buforowe z kr\u00f3tkim i d\u0142ugim w\u0142osem, t\u0142umi\u0105 drgania przy zamykaniu drzwi i chroni\u0105 przed kurzem.<br \/>\nFunkcja anti-jumping zabezpiecza przed wypadni\u0119ciem drzwi z toru dolnego.<\/p>\n","protected":false},"author":3,"featured_media":11701,"parent":0,"menu_order":0,"comment_status":"closed","ping_status":"closed","template":"","meta":[],"_links":{"self":[{"href":"https:\/\/hurtownia.komandor.pl\/lodzkie\/wp-json\/wp\/v2\/pages\/11746"}],"collection":[{"href":"https:\/\/hurtownia.komandor.pl\/lodzkie\/wp-json\/wp\/v2\/pages"}],"about":[{"href":"https:\/\/hurtownia.komandor.pl\/lodzkie\/wp-json\/wp\/v2\/types\/page"}],"author":[{"embeddable":true,"href":"https:\/\/hurtownia.komandor.pl\/lodzkie\/wp-json\/wp\/v2\/users\/3"}],"replies":[{"embeddable":true,"href":"https:\/\/hurtownia.komandor.pl\/lodzkie\/wp-json\/wp\/v2\/comments?post=11746"}],"version-history":[{"count":2,"href":"https:\/\/hurtownia.komandor.pl\/lodzkie\/wp-json\/wp\/v2\/pages\/11746\/revisions"}],"predecessor-version":[{"id":11748,"href":"https:\/\/hurtownia.komandor.pl\/lodzkie\/wp-json\/wp\/v2\/pages\/11746\/revisions\/11748"}],"wp:featuredmedia":[{"embeddable":true,"href":"https:\/\/hurtownia.komandor.pl\/lodzkie\/wp-json\/wp\/v2\/media\/11701"}],"wp:attachment":[{"href":"https:\/\/hurtownia.komandor.pl\/lodzkie\/wp-json\/wp\/v2\/media?parent=11746"}],"curies":[{"name":"wp","href":"https:\/\/api.w.org\/{rel}","templated":true}]}}