
{"id":3952,"date":"2017-09-04T09:05:59","date_gmt":"2017-09-04T07:05:59","guid":{"rendered":"http:\/\/hurtownia.komandor.slask.pl\/?page_id=3952"},"modified":"2021-04-27T14:44:52","modified_gmt":"2021-04-27T12:44:52","slug":"o-nas","status":"publish","type":"page","link":"https:\/\/hurtownia.komandor.pl\/lodzkie\/o-nas\/","title":{"rendered":"O nas"},"content":{"rendered":"<p>\u0141\u00f3dzka Hurtownia Komandor powsta\u0142a w 2011 roku.<\/p>\n<p>To cz\u0119\u015b\u0107 firmy Komandor \u0141\u00f3d\u017a, kt\u00f3ra od ponad 25 lat jest liderem na rynku szaf z drzwiami przesuwnymi.<\/p>\n<p>Dzi\u015b \u0141\u00f3dzka Hurtownia Komandor to firma stabilna, zatrudniaj\u0105ca ponad 100 os\u00f3b. Inwestujemy w nowoczesny park maszynowy, tak aby jako\u015b\u0107 naszych us\u0142ug pozwoli\u0142a nam zaspokoi\u0107 potrzeby i wymagania naszych klient\u00f3w. Wieloletnie do\u015bwiadczenie naszych pracownik\u00f3w przek\u0142ada si\u0119 na profesjonaln\u0105 obs\u0142ug\u0119 i doradztwo na ka\u017cdym etapie realizacji zam\u00f3wienia. Mamy na koncie liczne projekty oraz realizacje, zar\u00f3wno dla klient\u00f3w indywidualnych, jak i firm na terenie ca\u0142ego kraju.<\/p>\n<p>Je\u015bli szukasz solidnego, rzetelnego partnera do wsp\u00f3\u0142pracy, zapraszamy! Czekamy w\u0142a\u015bnie na Ciebie!<\/p>\n","protected":false},"excerpt":{"rendered":"<p>\u0141\u00f3dzka Hurtownia Komandor powsta\u0142a w 2011 roku.<\/p>\n<p>To cz\u0119\u015b\u0107 firmy Komandor \u0141\u00f3d\u017a, kt\u00f3ra od ponad 25 lat jest liderem na rynku szaf z drzwiami przesuwnymi.<\/p>\n<p>Dzi\u015b \u0141\u00f3dzka Hurtownia Komandor to firma stabilna, zatrudniaj\u0105ca ponad 100 os\u00f3b. Inwestujemy w nowoczesny park maszynowy, tak aby jako\u015b\u0107 naszych us\u0142ug pozwoli\u0142a nam zaspokoi\u0107 potrzeby i wymagania naszych klient\u00f3w. Wieloletnie do\u015bwiadczenie naszych pracownik\u00f3w przek\u0142ada si\u0119 na profesjonaln\u0105 obs\u0142ug\u0119 i doradztwo na ka\u017cdym etapie realizacji zam\u00f3wienia. Mamy na koncie liczne projekty oraz realizacje,<\/p>\n","protected":false},"author":1,"featured_media":0,"parent":0,"menu_order":0,"comment_status":"closed","ping_status":"closed","template":"","meta":[],"_links":{"self":[{"href":"https:\/\/hurtownia.komandor.pl\/lodzkie\/wp-json\/wp\/v2\/pages\/3952"}],"collection":[{"href":"https:\/\/hurtownia.komandor.pl\/lodzkie\/wp-json\/wp\/v2\/pages"}],"about":[{"href":"https:\/\/hurtownia.komandor.pl\/lodzkie\/wp-json\/wp\/v2\/types\/page"}],"author":[{"embeddable":true,"href":"https:\/\/hurtownia.komandor.pl\/lodzkie\/wp-json\/wp\/v2\/users\/1"}],"replies":[{"embeddable":true,"href":"https:\/\/hurtownia.komandor.pl\/lodzkie\/wp-json\/wp\/v2\/comments?post=3952"}],"version-history":[{"count":6,"href":"https:\/\/hurtownia.komandor.pl\/lodzkie\/wp-json\/wp\/v2\/pages\/3952\/revisions"}],"predecessor-version":[{"id":11623,"href":"https:\/\/hurtownia.komandor.pl\/lodzkie\/wp-json\/wp\/v2\/pages\/3952\/revisions\/11623"}],"wp:attachment":[{"href":"https:\/\/hurtownia.komandor.pl\/lodzkie\/wp-json\/wp\/v2\/media?parent=3952"}],"curies":[{"name":"wp","href":"https:\/\/api.w.org\/{rel}","templated":true}]}}