
{"id":6698,"date":"2018-04-03T13:04:44","date_gmt":"2018-04-03T11:04:44","guid":{"rendered":"http:\/\/hurtownia.komandor.slask.pl\/?page_id=6698"},"modified":"2021-05-05T10:59:47","modified_gmt":"2021-05-05T08:59:47","slug":"oslony-grzejnikowe","status":"publish","type":"page","link":"https:\/\/hurtownia.komandor.pl\/lodzkie\/oslony-grzejnikowe\/","title":{"rendered":"Os\u0142ony grzejnikowe"},"content":{"rendered":"<p><img loading=\"lazy\" class=\"alignnone wp-image-6872 size-full\" src=\"https:\/\/hurtownia.komandor.pl\/lodzkie\/wp-content\/uploads\/2018\/07\/Maskownice-Grzejnikowe.jpg\" alt=\"bia\u0142a os\u0142ona grzejnika\" width=\"822\" height=\"585\" \/><\/p>\n<p>Masz stare grzejniki i chcesz je zas\u0142oni\u0107, poniewa\u017c psuj\u0105 wygl\u0105d wn\u0119trza? Koniecznie <strong>sprawd\u017a ofert\u0119 os\u0142on grzejnikowych \u0141\u00f3dzkiej Hurtowni Komandor.<\/strong> Dzi\u0119ki nam grzejnik w Twoim mieszkaniu nie tylko b\u0119dzie ogrzewa\u0142 wn\u0119trze, ale tak\u017ce mo\u017ce stanowi\u0107 element dekoracyjny. Du\u017cy wyb\u00f3r kolor\u00f3w i struktur sprawia, \u017ce ka\u017cdy znajdzie maskownic\u0119 pasuj\u0105c\u0105 do stylu jego wn\u0119trza.<\/p>\n<p>Oferta naszej Hurtowni jest dla Ciebie interesuj\u0105ca?<\/p>\n<hr \/>\n<p>Skontaktuj si\u0119 z :<\/p>\n<p>Maksymilian B\u0142awat<br \/>\nPrzedstawiciel Handlowy<br \/>\nKom. +48 601 081 444<br \/>\n<a href=\"mailto:mblawat@komandor.pl\">mblawat@komandor.pl<\/a><\/p>\n","protected":false},"excerpt":{"rendered":"<p><img loading=\"lazy\" class=\"alignnone wp-image-6872 size-full\" src=\"https:\/\/hurtownia.komandor.pl\/lodzkie\/wp-content\/uploads\/2018\/07\/Maskownice-Grzejnikowe.jpg\" alt=\"bia\u0142a os\u0142ona grzejnika\" width=\"822\" height=\"585\" \/><\/p>\n<p>Masz stare grzejniki i chcesz je zas\u0142oni\u0107, poniewa\u017c psuj\u0105 wygl\u0105d wn\u0119trza? Koniecznie <strong>sprawd\u017a ofert\u0119 os\u0142on grzejnikowych \u0141\u00f3dzkiej Hurtowni Komandor.<\/strong> Dzi\u0119ki nam grzejnik w Twoim mieszkaniu nie tylko b\u0119dzie ogrzewa\u0142 wn\u0119trze, ale tak\u017ce mo\u017ce stanowi\u0107 element dekoracyjny. Du\u017cy wyb\u00f3r kolor\u00f3w i struktur sprawia, \u017ce ka\u017cdy znajdzie maskownic\u0119 pasuj\u0105c\u0105 do stylu jego wn\u0119trza.<\/p>\n<p>Oferta naszej Hurtowni jest dla Ciebie interesuj\u0105ca?<\/p>\n<p>Skontaktuj si\u0119 z :<\/p>\n<p>Maksymilian B\u0142awat<br \/>\nPrzedstawiciel Handlowy<br \/>\nKom.<\/p>\n","protected":false},"author":3,"featured_media":0,"parent":0,"menu_order":0,"comment_status":"closed","ping_status":"closed","template":"","meta":[],"_links":{"self":[{"href":"https:\/\/hurtownia.komandor.pl\/lodzkie\/wp-json\/wp\/v2\/pages\/6698"}],"collection":[{"href":"https:\/\/hurtownia.komandor.pl\/lodzkie\/wp-json\/wp\/v2\/pages"}],"about":[{"href":"https:\/\/hurtownia.komandor.pl\/lodzkie\/wp-json\/wp\/v2\/types\/page"}],"author":[{"embeddable":true,"href":"https:\/\/hurtownia.komandor.pl\/lodzkie\/wp-json\/wp\/v2\/users\/3"}],"replies":[{"embeddable":true,"href":"https:\/\/hurtownia.komandor.pl\/lodzkie\/wp-json\/wp\/v2\/comments?post=6698"}],"version-history":[{"count":13,"href":"https:\/\/hurtownia.komandor.pl\/lodzkie\/wp-json\/wp\/v2\/pages\/6698\/revisions"}],"predecessor-version":[{"id":11729,"href":"https:\/\/hurtownia.komandor.pl\/lodzkie\/wp-json\/wp\/v2\/pages\/6698\/revisions\/11729"}],"wp:attachment":[{"href":"https:\/\/hurtownia.komandor.pl\/lodzkie\/wp-json\/wp\/v2\/media?parent=6698"}],"curies":[{"name":"wp","href":"https:\/\/api.w.org\/{rel}","templated":true}]}}