
{"id":6709,"date":"2018-04-03T13:10:37","date_gmt":"2018-04-03T11:10:37","guid":{"rendered":"http:\/\/hurtownia.komandor.slask.pl\/?page_id=6709"},"modified":"2021-04-27T14:13:33","modified_gmt":"2021-04-27T12:13:33","slug":"fronty-meblowe-i-oslony-grzejnikowe","status":"publish","type":"page","link":"https:\/\/hurtownia.komandor.pl\/lodzkie\/fronty-meblowe-i-oslony-grzejnikowe\/","title":{"rendered":"Fronty meblowe i os\u0142ony grzejnikowe"},"content":{"rendered":"<p>Bardzo du\u017ce znaczenie w przypadku mebli kuchennych maj\u0105 <strong>fronty meblowe<\/strong>. To one s\u0105 elementem, kt\u00f3ry musi si\u0119 dobrze prezentowa\u0107. <strong>Powinny by\u0107 jednocze\u015bnie trwa\u0142e i \u0142atwe w utrzymaniu w czysto\u015bci.<\/strong><\/p>\n<p>Stworzenie doskona\u0142ych mebli, kt\u00f3re b\u0119d\u0105 s\u0142u\u017cy\u0142y d\u0142ugie lata wymaga wysokiej jako\u015bci materia\u0142\u00f3w. Warto wi\u0119c postawi\u0107 na rozwi\u0105zania od znanych producent\u00f3w. \u0141\u00f3dzka Hurtownia Komandor dzi\u0119ki do\u015bwiadczeniu pracownik\u00f3w, ich pasji i najnowszym technologiom dostarcza w\u0142a\u015bnie takie materia\u0142y.<\/p>\n<h2>Jaki materia\u0142 na fronty kuchenne wybra\u0107?<\/h2>\n<p>Du\u017cy wyb\u00f3r materia\u0142\u00f3w, z kt\u00f3rych produkowane s\u0105 <strong>fronty meblowe<\/strong> mo\u017ce sprawi\u0107, \u017ce podj\u0119cie decyzji staje si\u0119 trudne. Warto tak\u017ce pami\u0119ta\u0107 o tym, aby fronty by\u0142y dopasowane do reszty naszych mebli np. <a href=\"http:\/\/hurtownia.komandor.pl\/lodzkie\/materialy-drewnopochodne\/blaty\">blat\u00f3w kuchennych<\/a> czy uchwyt\u00f3w. Jakie mamy wi\u0119c mo\u017cliwo\u015bci w kwestii wyboru materia\u0142u?<\/p>\n<ul>\n<li><strong>Fronty drewniane<\/strong> &#8211; popularne lecz drogie rozwi\u0105zanie. Meble wykonane z naturalnego drewna s\u0105 wytrzyma\u0142e i ekologiczne,\u00a0 jednak trudne w obr\u00f3bce, co wp\u0142ywa na ich cen\u0119.<\/li>\n<li><strong>Fronty z p\u0142yty wi\u00f3rowej<\/strong> &#8211; rozwi\u0105zanie popularne g\u0142\u00f3wnie ze wzgl\u0119du na nisk\u0105 cen\u0119.<\/li>\n<li><a href=\"https:\/\/hurtownia.komandor.pl\/lodzkie\/fronty-akrylowe\/\"><strong>Fronty z p\u0142yty MDF<\/strong><\/a> &#8211; wi\u0119ksza mo\u017cliwo\u015b\u0107 personalizacji, du\u017ca podatno\u015b\u0107 na uszkodzenia.<\/li>\n<li><strong><a href=\"https:\/\/hurtownia.komandor.pl\/lodzkie\/aluminiowe-opal\/\">Fronty szklane<\/a><\/strong><\/li>\n<\/ul>\n<h2>Os\u0142ony grzejnikowe<\/h2>\n<p>Masz stare grzejniki i chcesz je zas\u0142oni\u0107, poniewa\u017c psuj\u0105 wygl\u0105d wn\u0119trza? Koniecznie <strong>sprawd\u017a ofert\u0119 os\u0142on grzejnikowych \u015al\u0105skiej Hurtowni Komandor.<\/strong> Dzi\u0119ki nam grzejnik w Twoim mieszkaniu nie tylko b\u0119dzie ogrzewa\u0142 wn\u0119trze, ale tak\u017ce mo\u017ce stanowi\u0107 element dekoracyjny. Du\u017cy wyb\u00f3r kolor\u00f3w i struktur sprawia, \u017ce ka\u017cdy znajdzie maskownic\u0119 pasuj\u0105c\u0105 do stylu jego wn\u0119trza.<\/p>\n<h4>Z\u0142\u00f3\u017c zam\u00f3wienie online &#8211; odbierz w \u0141odzi lub wybierz opcj\u0119 dostawy<\/h4>\n<p>Oferta naszej Hurtowni jest dla Ciebie interesuj\u0105ca? Z\u0142\u00f3\u017c zam\u00f3wienie przez Internet i skorzystaj z dogodnej dla Ciebie opcji dostawy. Dla klient\u00f3w z wojew\u00f3dztwa \u0141\u00f3dzkiego mamy mo\u017cliwo\u015b\u0107 dostarczenie zam\u00f3wionych produkt\u00f3w firmowym transportem. Mo\u017cna tak\u017ce skorzysta\u0107 z opcji odbioru towaru w oddzia\u0142ach w \u0141odzi lub wybra\u0107 kuriera.<\/p>\n","protected":false},"excerpt":{"rendered":"<p>Bardzo du\u017ce znaczenie w przypadku mebli kuchennych maj\u0105 <strong>fronty meblowe<\/strong>. To one s\u0105 elementem, kt\u00f3ry musi si\u0119 dobrze prezentowa\u0107. <strong>Powinny by\u0107 jednocze\u015bnie trwa\u0142e i \u0142atwe w utrzymaniu w czysto\u015bci.<\/strong><\/p>\n<p>Stworzenie doskona\u0142ych mebli, kt\u00f3re b\u0119d\u0105 s\u0142u\u017cy\u0142y d\u0142ugie lata wymaga wysokiej jako\u015bci materia\u0142\u00f3w. Warto wi\u0119c postawi\u0107 na rozwi\u0105zania od znanych producent\u00f3w. \u0141\u00f3dzka Hurtownia Komandor dzi\u0119ki do\u015bwiadczeniu pracownik\u00f3w, ich pasji i najnowszym technologiom dostarcza w\u0142a\u015bnie takie materia\u0142y.<\/p>\n<h2>Jaki materia\u0142 na fronty kuchenne wybra\u0107?<\/h2>\n","protected":false},"author":3,"featured_media":0,"parent":0,"menu_order":0,"comment_status":"closed","ping_status":"closed","template":"","meta":[],"_links":{"self":[{"href":"https:\/\/hurtownia.komandor.pl\/lodzkie\/wp-json\/wp\/v2\/pages\/6709"}],"collection":[{"href":"https:\/\/hurtownia.komandor.pl\/lodzkie\/wp-json\/wp\/v2\/pages"}],"about":[{"href":"https:\/\/hurtownia.komandor.pl\/lodzkie\/wp-json\/wp\/v2\/types\/page"}],"author":[{"embeddable":true,"href":"https:\/\/hurtownia.komandor.pl\/lodzkie\/wp-json\/wp\/v2\/users\/3"}],"replies":[{"embeddable":true,"href":"https:\/\/hurtownia.komandor.pl\/lodzkie\/wp-json\/wp\/v2\/comments?post=6709"}],"version-history":[{"count":13,"href":"https:\/\/hurtownia.komandor.pl\/lodzkie\/wp-json\/wp\/v2\/pages\/6709\/revisions"}],"predecessor-version":[{"id":11617,"href":"https:\/\/hurtownia.komandor.pl\/lodzkie\/wp-json\/wp\/v2\/pages\/6709\/revisions\/11617"}],"wp:attachment":[{"href":"https:\/\/hurtownia.komandor.pl\/lodzkie\/wp-json\/wp\/v2\/media?parent=6709"}],"curies":[{"name":"wp","href":"https:\/\/api.w.org\/{rel}","templated":true}]}}