
{"id":11432,"date":"2021-02-04T11:08:41","date_gmt":"2021-02-04T10:08:41","guid":{"rendered":"https:\/\/hurtownia.komandor.pl\/lodzkie\/produkt\/blat-egger-f333-st76-beton-zdobiony-szary\/"},"modified":"2021-04-30T10:16:18","modified_gmt":"2021-04-30T08:16:18","slug":"blat-egger-f333-st76-beton-zdobiony-szary","status":"publish","type":"product","link":"https:\/\/hurtownia.komandor.pl\/lodzkie\/produkt\/blat-egger-f333-st76-beton-zdobiony-szary\/","title":{"rendered":"Blat Egger F333 ST76 Beton zdobiony szary"},"content":{"rendered":"<p><strong>Model: <\/strong>300\/3; gr. 38mm<\/p>\n<p><strong>Dost\u0119pne wymiary:<\/strong><\/p>\n<p>4100x600x38mm &#8211; profil jednostronny &#8211; 300\/3<\/p>\n<p>4100x920x38mm &#8211; profil dwustronny &#8211; 300\/3<\/p>\n<p>4100x1200x38mm &#8211; profil jednostronny &#8211; 300\/3<\/p>\n<p><strong>Struktura:<\/strong> Matex Rough Matt ST76 \u2013 Struktura ta na\u015bladuje nakrapian\u0105 i delikatnie szczotkowan\u0105 powierzchni\u0119 naturalnego kamienia i doskonale podkre\u015bla r\u00f3\u017cnorodne reprodukcje kamienia, w tym \u0142upki i marmury.<\/p>\n<p><strong>Opakowanie: <\/strong>pojedynczo foliowane z paskiem laminatu o d\u0142ugo\u015bci 2700mm bez kleju<\/p>\n<p><strong>Producent: <\/strong>Egger<\/p>\n<hr \/>\n<p>Istnieje mo\u017cliwo\u015b\u0107 zam\u00f3wienia blatu doci\u0119tego na wymiar oraz z wyci\u0119tymi otworami pod p\u0142yt\u0119 grzewcz\u0105 i zlewozmywak. W tym celu prosimy o kontakt z dzia\u0142em handlowym.<\/p>\n","protected":false},"featured_media":10592,"template":"","tags":[498,499],"product-category":[670,676,677,678],"_links":{"self":[{"href":"https:\/\/hurtownia.komandor.pl\/lodzkie\/wp-json\/wp\/v2\/product\/11432"}],"collection":[{"href":"https:\/\/hurtownia.komandor.pl\/lodzkie\/wp-json\/wp\/v2\/product"}],"about":[{"href":"https:\/\/hurtownia.komandor.pl\/lodzkie\/wp-json\/wp\/v2\/types\/product"}],"wp:featuredmedia":[{"embeddable":true,"href":"https:\/\/hurtownia.komandor.pl\/lodzkie\/wp-json\/wp\/v2\/media\/10592"}],"wp:attachment":[{"href":"https:\/\/hurtownia.komandor.pl\/lodzkie\/wp-json\/wp\/v2\/media?parent=11432"}],"wp:term":[{"taxonomy":"post_tag","embeddable":true,"href":"https:\/\/hurtownia.komandor.pl\/lodzkie\/wp-json\/wp\/v2\/tags?post=11432"},{"taxonomy":"product-category","embeddable":true,"href":"https:\/\/hurtownia.komandor.pl\/lodzkie\/wp-json\/wp\/v2\/product-category?post=11432"}],"curies":[{"name":"wp","href":"https:\/\/api.w.org\/{rel}","templated":true}]}}