
{"id":11437,"date":"2021-02-04T11:08:33","date_gmt":"2021-02-04T10:08:33","guid":{"rendered":"https:\/\/hurtownia.komandor.pl\/lodzkie\/produkt\/blat-egger-h110-st9-sosna-sealand\/"},"modified":"2021-04-30T11:08:56","modified_gmt":"2021-04-30T09:08:56","slug":"blat-egger-h110-st9-sosna-sealand","status":"publish","type":"product","link":"https:\/\/hurtownia.komandor.pl\/lodzkie\/produkt\/blat-egger-h110-st9-sosna-sealand\/","title":{"rendered":"Blat Egger H110 ST9 Sosna Sealand"},"content":{"rendered":"<p><strong>Model: <\/strong>300\/3; gr. 38mm<\/p>\n<p><strong>Dost\u0119pne wymiary:<\/strong><\/p>\n<p>4100x600x38mm &#8211; profil jednostronny &#8211; 300\/3<\/p>\n<p>4100x920x38mm &#8211; profil dwustronny &#8211; 300\/3<\/p>\n<p>4100x1200x38mm &#8211; profil jednostronny &#8211; 300\/3<\/p>\n<p>&nbsp;<\/p>\n<p><strong>Struktura:<\/strong> Smoothtouch Matt ST9 &#8211; Stosowana z kolorami uni i dekorami drewnopodobnymi zapewnia subtelny, wyciszaj\u0105cy nastr\u00f3j. Struktura ta wpisuje si\u0119 w trend powierzchni matowych.<\/p>\n<p><strong>Opakowanie: <\/strong>pojedynczo foliowane z paskiem laminatu o d\u0142ugo\u015bci 2700mm bez kleju<\/p>\n<p><strong>Producent: <\/strong>Egger<\/p>\n<hr \/>\n<p>Istnieje mo\u017cliwo\u015b\u0107 zam\u00f3wienia blatu doci\u0119tego na wymiar oraz z wyci\u0119tymi otworami pod p\u0142yt\u0119 grzewcz\u0105 i zlewozmywak. W tym celu prosimy o kontakt z dzia\u0142em handlowym.<\/p>\n","protected":false},"featured_media":10176,"template":"","tags":[498,499],"product-category":[670,676,677,678],"_links":{"self":[{"href":"https:\/\/hurtownia.komandor.pl\/lodzkie\/wp-json\/wp\/v2\/product\/11437"}],"collection":[{"href":"https:\/\/hurtownia.komandor.pl\/lodzkie\/wp-json\/wp\/v2\/product"}],"about":[{"href":"https:\/\/hurtownia.komandor.pl\/lodzkie\/wp-json\/wp\/v2\/types\/product"}],"wp:featuredmedia":[{"embeddable":true,"href":"https:\/\/hurtownia.komandor.pl\/lodzkie\/wp-json\/wp\/v2\/media\/10176"}],"wp:attachment":[{"href":"https:\/\/hurtownia.komandor.pl\/lodzkie\/wp-json\/wp\/v2\/media?parent=11437"}],"wp:term":[{"taxonomy":"post_tag","embeddable":true,"href":"https:\/\/hurtownia.komandor.pl\/lodzkie\/wp-json\/wp\/v2\/tags?post=11437"},{"taxonomy":"product-category","embeddable":true,"href":"https:\/\/hurtownia.komandor.pl\/lodzkie\/wp-json\/wp\/v2\/product-category?post=11437"}],"curies":[{"name":"wp","href":"https:\/\/api.w.org\/{rel}","templated":true}]}}