
{"id":11442,"date":"2021-02-04T11:08:40","date_gmt":"2021-02-04T10:08:40","guid":{"rendered":"https:\/\/hurtownia.komandor.pl\/lodzkie\/produkt\/blat-egger-h1344-st32-dab-sherman-koniakowy-brazowy\/"},"modified":"2021-04-30T10:32:03","modified_gmt":"2021-04-30T08:32:03","slug":"blat-egger-h1344-st32-dab-sherman-koniakowy-brazowy","status":"publish","type":"product","link":"https:\/\/hurtownia.komandor.pl\/lodzkie\/produkt\/blat-egger-h1344-st32-dab-sherman-koniakowy-brazowy\/","title":{"rendered":"Blat Egger H1344 ST32 D\u0105b Sherman koniakowy br\u0105zowy"},"content":{"rendered":"<p><strong>Model: <\/strong>100\/1,5; gr. 38mm<\/p>\n<p><strong>Dost\u0119pne wymiary:<\/strong><\/p>\n<p>4100x600x38mm &#8211; wyko\u0144czenie prostokraw\u0119dziowe jednostronne &#8211; 100\/1,5<\/p>\n<p>4100x920x38mm &#8211; wyko\u0144czenie prostokraw\u0119dziowe dwustronne &#8211; 100\/1,5<\/p>\n<p>4100x1200x38mm &#8211; wyko\u0144czenie prostokraw\u0119dziowe jednostronne &#8211; 100\/1,5<\/p>\n<p><strong>Struktura:<\/strong> ST32.<\/p>\n<p><strong>Opakowanie: <\/strong>pojedynczo foliowane z paskiem laminatu o d\u0142ugo\u015bci 2700mm bez kleju<\/p>\n<p><strong>Producent: <\/strong>Egger<\/p>\n<hr \/>\n<p>Istnieje mo\u017cliwo\u015b\u0107 zam\u00f3wienia blatu doci\u0119tego na wymiar oraz z wyci\u0119tymi otworami pod p\u0142yt\u0119 grzewcz\u0105 i zlewozmywak. W tym celu prosimy o kontakt z dzia\u0142em handlowym.<\/p>\n","protected":false},"featured_media":10533,"template":"","tags":[498,499],"product-category":[670,676,677,678],"_links":{"self":[{"href":"https:\/\/hurtownia.komandor.pl\/lodzkie\/wp-json\/wp\/v2\/product\/11442"}],"collection":[{"href":"https:\/\/hurtownia.komandor.pl\/lodzkie\/wp-json\/wp\/v2\/product"}],"about":[{"href":"https:\/\/hurtownia.komandor.pl\/lodzkie\/wp-json\/wp\/v2\/types\/product"}],"wp:featuredmedia":[{"embeddable":true,"href":"https:\/\/hurtownia.komandor.pl\/lodzkie\/wp-json\/wp\/v2\/media\/10533"}],"wp:attachment":[{"href":"https:\/\/hurtownia.komandor.pl\/lodzkie\/wp-json\/wp\/v2\/media?parent=11442"}],"wp:term":[{"taxonomy":"post_tag","embeddable":true,"href":"https:\/\/hurtownia.komandor.pl\/lodzkie\/wp-json\/wp\/v2\/tags?post=11442"},{"taxonomy":"product-category","embeddable":true,"href":"https:\/\/hurtownia.komandor.pl\/lodzkie\/wp-json\/wp\/v2\/product-category?post=11442"}],"curies":[{"name":"wp","href":"https:\/\/api.w.org\/{rel}","templated":true}]}}