
{"id":11453,"date":"2021-02-04T11:08:41","date_gmt":"2021-02-04T10:08:41","guid":{"rendered":"https:\/\/hurtownia.komandor.pl\/lodzkie\/produkt\/blat-egger-h3330-st36-dab-anthor-naturalny\/"},"modified":"2021-05-04T10:36:16","modified_gmt":"2021-05-04T08:36:16","slug":"blat-egger-h3330-st36-dab-anthor-naturalny","status":"publish","type":"product","link":"https:\/\/hurtownia.komandor.pl\/lodzkie\/produkt\/blat-egger-h3330-st36-dab-anthor-naturalny\/","title":{"rendered":"Blat Egger H3330 ST36 D\u0105b Anthor naturalny"},"content":{"rendered":"<p><strong>Model: <\/strong>300\/3; gr. 38mm<\/p>\n<p><strong>Dost\u0119pne wymiary:<\/strong><\/p>\n<p>4100x600x38mm &#8211; profil jednostronny &#8211; 300\/3<\/p>\n<p>4100x920x38mm &#8211; profil dwustronny &#8211; 300\/3<\/p>\n<p>4100x1200x38mm &#8211; profil jednostronny &#8211; 300\/3<\/p>\n<p><strong>Struktura:<\/strong> ST36.<\/p>\n<p><strong>Opakowanie: <\/strong>pojedynczo foliowane z paskiem laminatu o d\u0142ugo\u015bci 2700mm bez kleju<\/p>\n<p><strong>Producent: <\/strong>Egger<\/p>\n<hr \/>\n<p>Istnieje mo\u017cliwo\u015b\u0107 zam\u00f3wienia blatu doci\u0119tego na wymiar oraz z wyci\u0119tymi otworami pod p\u0142yt\u0119 grzewcz\u0105 i zlewozmywak. W tym celu prosimy o kontakt z dzia\u0142em handlowym.<\/p>\n","protected":false},"featured_media":10552,"template":"","tags":[498,499],"product-category":[670,676,677,678],"_links":{"self":[{"href":"https:\/\/hurtownia.komandor.pl\/lodzkie\/wp-json\/wp\/v2\/product\/11453"}],"collection":[{"href":"https:\/\/hurtownia.komandor.pl\/lodzkie\/wp-json\/wp\/v2\/product"}],"about":[{"href":"https:\/\/hurtownia.komandor.pl\/lodzkie\/wp-json\/wp\/v2\/types\/product"}],"wp:featuredmedia":[{"embeddable":true,"href":"https:\/\/hurtownia.komandor.pl\/lodzkie\/wp-json\/wp\/v2\/media\/10552"}],"wp:attachment":[{"href":"https:\/\/hurtownia.komandor.pl\/lodzkie\/wp-json\/wp\/v2\/media?parent=11453"}],"wp:term":[{"taxonomy":"post_tag","embeddable":true,"href":"https:\/\/hurtownia.komandor.pl\/lodzkie\/wp-json\/wp\/v2\/tags?post=11453"},{"taxonomy":"product-category","embeddable":true,"href":"https:\/\/hurtownia.komandor.pl\/lodzkie\/wp-json\/wp\/v2\/product-category?post=11453"}],"curies":[{"name":"wp","href":"https:\/\/api.w.org\/{rel}","templated":true}]}}