
{"id":11460,"date":"2021-02-04T11:08:33","date_gmt":"2021-02-04T10:08:33","guid":{"rendered":"https:\/\/hurtownia.komandor.pl\/lodzkie\/produkt\/blat-kompaktowy-egger-f222-st76-tessina-ceramic-terra\/"},"modified":"2021-04-30T11:10:10","modified_gmt":"2021-04-30T09:10:10","slug":"blat-kompaktowy-egger-f222-st76-tessina-ceramic-terra","status":"publish","type":"product","link":"https:\/\/hurtownia.komandor.pl\/lodzkie\/produkt\/blat-kompaktowy-egger-f222-st76-tessina-ceramic-terra\/","title":{"rendered":"Blat kompaktowy Egger F222 ST76 Tessina Ceramic terra"},"content":{"rendered":"<p><strong>Model: <\/strong>czterostronnie fazowany pod k\u0105tem 45 stopni (90\/1,5); gr. 12mm<\/p>\n<p><strong>Dost\u0119pne wymiary:<\/strong><\/p>\n<p>4100x650x12mm<\/p>\n<p>4100x920x12mm<\/p>\n<p>Blat roboczy z laminatu kompaktowego. Po\u0142\u0105czenie odporno\u015bci, funkcjonalno\u015bci i eleganckiego wygl\u0105du sprawia, \u017ce laminaty kompaktowe doskonale sprawdzaj\u0105 si\u0119 w d\u0142ugotrwa\u0142ym u\u017cytkowaniu i stanowi\u0105 idealny materia\u0142 do tworzenia wyj\u0105tkowych kuchni.<\/p>\n<p>&nbsp;<\/p>\n<p><strong>Struktura:<\/strong> ST76<\/p>\n<p><strong>Producent: <\/strong>Egger<\/p>\n<hr \/>\n<p>Istnieje mo\u017cliwo\u015b\u0107 zam\u00f3wienia blatu doci\u0119tego na wymiar oraz z wyci\u0119tymi otworami pod p\u0142yt\u0119 grzewcz\u0105 i zlewozmywak. W tym celu prosimy o kontakt z dzia\u0142em handlowym.<\/p>\n","protected":false},"featured_media":10185,"template":"","tags":[498,499],"product-category":[670,676,677,678],"_links":{"self":[{"href":"https:\/\/hurtownia.komandor.pl\/lodzkie\/wp-json\/wp\/v2\/product\/11460"}],"collection":[{"href":"https:\/\/hurtownia.komandor.pl\/lodzkie\/wp-json\/wp\/v2\/product"}],"about":[{"href":"https:\/\/hurtownia.komandor.pl\/lodzkie\/wp-json\/wp\/v2\/types\/product"}],"wp:featuredmedia":[{"embeddable":true,"href":"https:\/\/hurtownia.komandor.pl\/lodzkie\/wp-json\/wp\/v2\/media\/10185"}],"wp:attachment":[{"href":"https:\/\/hurtownia.komandor.pl\/lodzkie\/wp-json\/wp\/v2\/media?parent=11460"}],"wp:term":[{"taxonomy":"post_tag","embeddable":true,"href":"https:\/\/hurtownia.komandor.pl\/lodzkie\/wp-json\/wp\/v2\/tags?post=11460"},{"taxonomy":"product-category","embeddable":true,"href":"https:\/\/hurtownia.komandor.pl\/lodzkie\/wp-json\/wp\/v2\/product-category?post=11460"}],"curies":[{"name":"wp","href":"https:\/\/api.w.org\/{rel}","templated":true}]}}