
{"id":11468,"date":"2021-04-25T21:30:14","date_gmt":"2021-04-25T19:30:14","guid":{"rendered":"https:\/\/hurtownia.komandor.pl\/lodzkie\/produkt\/colorimo-3m02-arena-czerwony\/"},"modified":"2021-04-26T14:44:46","modified_gmt":"2021-04-26T12:44:46","slug":"colorimo-3m02-arena-czerwony","status":"publish","type":"product","link":"https:\/\/hurtownia.komandor.pl\/lodzkie\/produkt\/colorimo-3m02-arena-czerwony\/","title":{"rendered":"Colorimo 3M02 Arena czerwony"},"content":{"rendered":"<p>Colorimo Arena to szk\u0142o ornamentowe lakierowane farbami ekologicznymi o wymiarach: 3210x900mm.<\/p>\n<p>Istnieje mo\u017cliwo\u015b\u0107 podklejenia szk\u0142a foli\u0105 bezpieczn\u0105 przezroczyst\u0105 lub bia\u0142\u0105.<\/p>\n<p><strong>Grubo\u015b\u0107:<\/strong> 4mm<\/p>\n<p><strong>Producent:<\/strong> Mochnik<\/p>\n","protected":false},"featured_media":11467,"template":"","tags":[500,501,662,663],"product-category":[],"_links":{"self":[{"href":"https:\/\/hurtownia.komandor.pl\/lodzkie\/wp-json\/wp\/v2\/product\/11468"}],"collection":[{"href":"https:\/\/hurtownia.komandor.pl\/lodzkie\/wp-json\/wp\/v2\/product"}],"about":[{"href":"https:\/\/hurtownia.komandor.pl\/lodzkie\/wp-json\/wp\/v2\/types\/product"}],"wp:featuredmedia":[{"embeddable":true,"href":"https:\/\/hurtownia.komandor.pl\/lodzkie\/wp-json\/wp\/v2\/media\/11467"}],"wp:attachment":[{"href":"https:\/\/hurtownia.komandor.pl\/lodzkie\/wp-json\/wp\/v2\/media?parent=11468"}],"wp:term":[{"taxonomy":"post_tag","embeddable":true,"href":"https:\/\/hurtownia.komandor.pl\/lodzkie\/wp-json\/wp\/v2\/tags?post=11468"},{"taxonomy":"product-category","embeddable":true,"href":"https:\/\/hurtownia.komandor.pl\/lodzkie\/wp-json\/wp\/v2\/product-category?post=11468"}],"curies":[{"name":"wp","href":"https:\/\/api.w.org\/{rel}","templated":true}]}}