
{"id":11502,"date":"2021-02-04T11:08:31","date_gmt":"2021-02-04T10:08:31","guid":{"rendered":"https:\/\/hurtownia.komandor.pl\/lodzkie\/produkt\/drazek-meblowy-fi-25mm\/"},"modified":"2021-04-30T11:34:09","modified_gmt":"2021-04-30T09:34:09","slug":"drazek-meblowy-fi-25mm","status":"publish","type":"product","link":"https:\/\/hurtownia.komandor.pl\/lodzkie\/produkt\/drazek-meblowy-fi-25mm\/","title":{"rendered":"Dr\u0105\u017cek meblowy Fi 25mm"},"content":{"rendered":"<ul>\n<li>Dr\u0105\u017cek chromowany Fi 25mm<\/li>\n<li>D\u0142ugo\u015b\u0107 3m<\/li>\n<li>Grubo\u015b\u0107 \u015bcianki 1mm<\/li>\n<li>Istnieje mo\u017cliwo\u015b\u0107 przyci\u0119cia dr\u0105\u017cka na wymiar<\/li>\n<\/ul>\n<p>&nbsp;<\/p>\n<p>Producent: ATM<\/p>\n","protected":false},"featured_media":10057,"template":"","tags":[],"product-category":[],"_links":{"self":[{"href":"https:\/\/hurtownia.komandor.pl\/lodzkie\/wp-json\/wp\/v2\/product\/11502"}],"collection":[{"href":"https:\/\/hurtownia.komandor.pl\/lodzkie\/wp-json\/wp\/v2\/product"}],"about":[{"href":"https:\/\/hurtownia.komandor.pl\/lodzkie\/wp-json\/wp\/v2\/types\/product"}],"wp:featuredmedia":[{"embeddable":true,"href":"https:\/\/hurtownia.komandor.pl\/lodzkie\/wp-json\/wp\/v2\/media\/10057"}],"wp:attachment":[{"href":"https:\/\/hurtownia.komandor.pl\/lodzkie\/wp-json\/wp\/v2\/media?parent=11502"}],"wp:term":[{"taxonomy":"post_tag","embeddable":true,"href":"https:\/\/hurtownia.komandor.pl\/lodzkie\/wp-json\/wp\/v2\/tags?post=11502"},{"taxonomy":"product-category","embeddable":true,"href":"https:\/\/hurtownia.komandor.pl\/lodzkie\/wp-json\/wp\/v2\/product-category?post=11502"}],"curies":[{"name":"wp","href":"https:\/\/api.w.org\/{rel}","templated":true}]}}