
{"id":11508,"date":"2021-02-04T11:08:27","date_gmt":"2021-02-04T10:08:27","guid":{"rendered":"https:\/\/hurtownia.komandor.pl\/lodzkie\/produkt\/plyta-akrylowa-polglos-8421-czarny-supermat\/"},"modified":"2021-04-30T12:15:12","modified_gmt":"2021-04-30T10:15:12","slug":"plyta-akrylowa-polglos-8421-czarny-supermat","status":"publish","type":"product","link":"https:\/\/hurtownia.komandor.pl\/lodzkie\/produkt\/plyta-akrylowa-polglos-8421-czarny-supermat\/","title":{"rendered":"P\u0142yta akrylowa Polglos 8421 Czarny supermat"},"content":{"rendered":"<p>P\u0142yta akrylowa supermatowa o wymiarach 2800x1220mm<\/p>\n<p>Front p\u0142yty pokryty jest akrylem supermatowym, za\u015b strona wewn\u0119trzna akrylem matowym pod kolor frontu. Dwustronne oklejenie p\u0142yty MDF pow\u0142ok\u0105 akrylu eliminuje efekt wykrzywiania si\u0119 p\u0142yt widoczny przy produkcji p\u0142yt oklejonych jednostronnie.<\/p>\n<p>Powierzchnia p\u0142yty zabezpieczona jest foli\u0105 ochronn\u0105 oraz jest odporna na dzia\u0142anie promieni UV.<\/p>\n<p><strong>Dost\u0119pne grubo\u015bci:<\/strong> 10mm, 18mm<\/p>\n<p>&nbsp;<\/p>\n<p><strong>Producent:<\/strong> SklejBud<\/p>\n","protected":false},"featured_media":9874,"template":"","tags":[502,531,532],"product-category":[670,672],"_links":{"self":[{"href":"https:\/\/hurtownia.komandor.pl\/lodzkie\/wp-json\/wp\/v2\/product\/11508"}],"collection":[{"href":"https:\/\/hurtownia.komandor.pl\/lodzkie\/wp-json\/wp\/v2\/product"}],"about":[{"href":"https:\/\/hurtownia.komandor.pl\/lodzkie\/wp-json\/wp\/v2\/types\/product"}],"wp:featuredmedia":[{"embeddable":true,"href":"https:\/\/hurtownia.komandor.pl\/lodzkie\/wp-json\/wp\/v2\/media\/9874"}],"wp:attachment":[{"href":"https:\/\/hurtownia.komandor.pl\/lodzkie\/wp-json\/wp\/v2\/media?parent=11508"}],"wp:term":[{"taxonomy":"post_tag","embeddable":true,"href":"https:\/\/hurtownia.komandor.pl\/lodzkie\/wp-json\/wp\/v2\/tags?post=11508"},{"taxonomy":"product-category","embeddable":true,"href":"https:\/\/hurtownia.komandor.pl\/lodzkie\/wp-json\/wp\/v2\/product-category?post=11508"}],"curies":[{"name":"wp","href":"https:\/\/api.w.org\/{rel}","templated":true}]}}