
{"id":11512,"date":"2021-02-04T11:08:36","date_gmt":"2021-02-04T10:08:36","guid":{"rendered":"https:\/\/hurtownia.komandor.pl\/lodzkie\/produkt\/prowadnice-blum-movento\/"},"modified":"2021-04-30T10:35:40","modified_gmt":"2021-04-30T08:35:40","slug":"prowadnice-blum-movento","status":"publish","type":"product","link":"https:\/\/hurtownia.komandor.pl\/lodzkie\/produkt\/prowadnice-blum-movento\/","title":{"rendered":"Prowadnice Blum Movento"},"content":{"rendered":"<ul>\n<li>Komplet prowadnic Blum Movento ze sprz\u0119g\u0142ami<\/li>\n<li>D\u0142ugo\u015b\u0107 700mm<\/li>\n<\/ul>\n<p>&nbsp;<\/p>\n<p>Producent: Blum<\/p>\n","protected":false},"featured_media":10315,"template":"","tags":[],"product-category":[683,684],"_links":{"self":[{"href":"https:\/\/hurtownia.komandor.pl\/lodzkie\/wp-json\/wp\/v2\/product\/11512"}],"collection":[{"href":"https:\/\/hurtownia.komandor.pl\/lodzkie\/wp-json\/wp\/v2\/product"}],"about":[{"href":"https:\/\/hurtownia.komandor.pl\/lodzkie\/wp-json\/wp\/v2\/types\/product"}],"wp:featuredmedia":[{"embeddable":true,"href":"https:\/\/hurtownia.komandor.pl\/lodzkie\/wp-json\/wp\/v2\/media\/10315"}],"wp:attachment":[{"href":"https:\/\/hurtownia.komandor.pl\/lodzkie\/wp-json\/wp\/v2\/media?parent=11512"}],"wp:term":[{"taxonomy":"post_tag","embeddable":true,"href":"https:\/\/hurtownia.komandor.pl\/lodzkie\/wp-json\/wp\/v2\/tags?post=11512"},{"taxonomy":"product-category","embeddable":true,"href":"https:\/\/hurtownia.komandor.pl\/lodzkie\/wp-json\/wp\/v2\/product-category?post=11512"}],"curies":[{"name":"wp","href":"https:\/\/api.w.org\/{rel}","templated":true}]}}