
{"id":11513,"date":"2021-02-04T11:08:31","date_gmt":"2021-02-04T10:08:31","guid":{"rendered":"https:\/\/hurtownia.komandor.pl\/lodzkie\/produkt\/prowadnice-kulkowe\/"},"modified":"2021-04-30T11:34:40","modified_gmt":"2021-04-30T09:34:40","slug":"prowadnice-kulkowe","status":"publish","type":"product","link":"https:\/\/hurtownia.komandor.pl\/lodzkie\/produkt\/prowadnice-kulkowe\/","title":{"rendered":"Prowadnice kulkowe"},"content":{"rendered":"<ul>\n<li>R\u00f3\u017cne d\u0142ugo\u015bci do wyboru<\/li>\n<li>Pe\u0142en wysuw<\/li>\n<li>Ud\u017awig do 30kg<\/li>\n<li>Materia\u0142: stal<\/li>\n<\/ul>\n<p>&nbsp;<\/p>\n<p>Producent: Domino<\/p>\n","protected":false},"featured_media":0,"template":"","tags":[],"product-category":[],"_links":{"self":[{"href":"https:\/\/hurtownia.komandor.pl\/lodzkie\/wp-json\/wp\/v2\/product\/11513"}],"collection":[{"href":"https:\/\/hurtownia.komandor.pl\/lodzkie\/wp-json\/wp\/v2\/product"}],"about":[{"href":"https:\/\/hurtownia.komandor.pl\/lodzkie\/wp-json\/wp\/v2\/types\/product"}],"wp:attachment":[{"href":"https:\/\/hurtownia.komandor.pl\/lodzkie\/wp-json\/wp\/v2\/media?parent=11513"}],"wp:term":[{"taxonomy":"post_tag","embeddable":true,"href":"https:\/\/hurtownia.komandor.pl\/lodzkie\/wp-json\/wp\/v2\/tags?post=11513"},{"taxonomy":"product-category","embeddable":true,"href":"https:\/\/hurtownia.komandor.pl\/lodzkie\/wp-json\/wp\/v2\/product-category?post=11513"}],"curies":[{"name":"wp","href":"https:\/\/api.w.org\/{rel}","templated":true}]}}