
{"id":11517,"date":"2021-02-04T11:08:30","date_gmt":"2021-02-04T10:08:30","guid":{"rendered":"https:\/\/hurtownia.komandor.pl\/lodzkie\/produkt\/rozeta-do-drazka-fi-25mm\/"},"modified":"2021-04-30T11:36:36","modified_gmt":"2021-04-30T09:36:36","slug":"rozeta-do-drazka-fi-25mm","status":"publish","type":"product","link":"https:\/\/hurtownia.komandor.pl\/lodzkie\/produkt\/rozeta-do-drazka-fi-25mm\/","title":{"rendered":"Rozeta do dr\u0105\u017cka Fi 25mm"},"content":{"rendered":"<ul>\n<li>Rozeta okr\u0105g\u0142a do dr\u0105\u017cka Fi 25mm<\/li>\n<li>Kolor: chrom po\u0142ysk<\/li>\n<\/ul>\n<p>&nbsp;<\/p>\n<p>Producent: ATM<\/p>\n","protected":false},"featured_media":10030,"template":"","tags":[],"product-category":[],"_links":{"self":[{"href":"https:\/\/hurtownia.komandor.pl\/lodzkie\/wp-json\/wp\/v2\/product\/11517"}],"collection":[{"href":"https:\/\/hurtownia.komandor.pl\/lodzkie\/wp-json\/wp\/v2\/product"}],"about":[{"href":"https:\/\/hurtownia.komandor.pl\/lodzkie\/wp-json\/wp\/v2\/types\/product"}],"wp:featuredmedia":[{"embeddable":true,"href":"https:\/\/hurtownia.komandor.pl\/lodzkie\/wp-json\/wp\/v2\/media\/10030"}],"wp:attachment":[{"href":"https:\/\/hurtownia.komandor.pl\/lodzkie\/wp-json\/wp\/v2\/media?parent=11517"}],"wp:term":[{"taxonomy":"post_tag","embeddable":true,"href":"https:\/\/hurtownia.komandor.pl\/lodzkie\/wp-json\/wp\/v2\/tags?post=11517"},{"taxonomy":"product-category","embeddable":true,"href":"https:\/\/hurtownia.komandor.pl\/lodzkie\/wp-json\/wp\/v2\/product-category?post=11517"}],"curies":[{"name":"wp","href":"https:\/\/api.w.org\/{rel}","templated":true}]}}