
{"id":11528,"date":"2021-04-25T22:57:37","date_gmt":"2021-04-25T20:57:37","guid":{"rendered":"https:\/\/hurtownia.komandor.pl\/lodzkie\/produkt\/system-aluminiowy-sahara-2\/"},"modified":"2021-04-26T13:52:16","modified_gmt":"2021-04-26T11:52:16","slug":"system-aluminiowy-sahara-2","status":"publish","type":"product","link":"https:\/\/hurtownia.komandor.pl\/lodzkie\/produkt\/system-aluminiowy-sahara-2\/","title":{"rendered":"System aluminiowy SAHARA 2"},"content":{"rendered":"<ul>\n<li>System aluminiowy SAHARA 2<\/li>\n<li>Kolory do wyboru: anoda naturalna, anoda szampa\u0144ska, bia\u0142y<\/li>\n<li>D\u0142ugo\u015b\u0107 ramiaka: 2750mm<\/li>\n<li>Ramiak przystosowany do wype\u0142nienia z p\u0142yty o grubo\u015bci 10mm lub szk\u0142a o grubo\u015bci 4mm<\/li>\n<li>Pozosta\u0142e elementy niezb\u0119dne do okucia drzwi sprzedawane s\u0105 osobno<\/li>\n<\/ul>\n<p>&nbsp;<\/p>\n<p>Producent: Komandor<\/p>\n<hr \/>\n<p>Istnieje mo\u017cliwo\u015b\u0107 zam\u00f3wienia gotowych, okutych drzwi przesuwnych. W tym celu prosimy o kontakt z dzia\u0142em handlowym.<\/p>\n","protected":false},"featured_media":11527,"template":"","tags":[539,664],"product-category":[],"_links":{"self":[{"href":"https:\/\/hurtownia.komandor.pl\/lodzkie\/wp-json\/wp\/v2\/product\/11528"}],"collection":[{"href":"https:\/\/hurtownia.komandor.pl\/lodzkie\/wp-json\/wp\/v2\/product"}],"about":[{"href":"https:\/\/hurtownia.komandor.pl\/lodzkie\/wp-json\/wp\/v2\/types\/product"}],"wp:featuredmedia":[{"embeddable":true,"href":"https:\/\/hurtownia.komandor.pl\/lodzkie\/wp-json\/wp\/v2\/media\/11527"}],"wp:attachment":[{"href":"https:\/\/hurtownia.komandor.pl\/lodzkie\/wp-json\/wp\/v2\/media?parent=11528"}],"wp:term":[{"taxonomy":"post_tag","embeddable":true,"href":"https:\/\/hurtownia.komandor.pl\/lodzkie\/wp-json\/wp\/v2\/tags?post=11528"},{"taxonomy":"product-category","embeddable":true,"href":"https:\/\/hurtownia.komandor.pl\/lodzkie\/wp-json\/wp\/v2\/product-category?post=11528"}],"curies":[{"name":"wp","href":"https:\/\/api.w.org\/{rel}","templated":true}]}}