
{"id":11530,"date":"2021-04-25T22:53:02","date_gmt":"2021-04-25T20:53:02","guid":{"rendered":"https:\/\/hurtownia.komandor.pl\/lodzkie\/produkt\/system-aluminiowy-szafir\/"},"modified":"2021-04-26T13:56:56","modified_gmt":"2021-04-26T11:56:56","slug":"system-aluminiowy-szafir","status":"publish","type":"product","link":"https:\/\/hurtownia.komandor.pl\/lodzkie\/produkt\/system-aluminiowy-szafir\/","title":{"rendered":"System aluminiowy SZAFIR"},"content":{"rendered":"<ul>\n<li>System aluminiowy SZAFIR<\/li>\n<li>Kolory do wyboru: anoda naturalna, anoda szampa\u0144ska, anoda grafitowa, bia\u0142y<\/li>\n<li>D\u0142ugo\u015b\u0107 ramiaka: 2750mm<\/li>\n<li>Ramiak przystosowany do wype\u0142nienia z p\u0142yty o grubo\u015bci 10mm lub szk\u0142a o grubo\u015bci 4mm<\/li>\n<li>Pozosta\u0142e elementy niezb\u0119dne do okucia drzwi sprzedawane s\u0105 osobno<\/li>\n<\/ul>\n<p>&nbsp;<\/p>\n<p>Producent: Komandor<\/p>\n<hr \/>\n<p>Istnieje mo\u017cliwo\u015b\u0107 zam\u00f3wienia gotowych, okutych drzwi przesuwnych. W tym celu prosimy o kontakt z dzia\u0142em handlowym.<\/p>\n","protected":false},"featured_media":11529,"template":"","tags":[539,664],"product-category":[],"_links":{"self":[{"href":"https:\/\/hurtownia.komandor.pl\/lodzkie\/wp-json\/wp\/v2\/product\/11530"}],"collection":[{"href":"https:\/\/hurtownia.komandor.pl\/lodzkie\/wp-json\/wp\/v2\/product"}],"about":[{"href":"https:\/\/hurtownia.komandor.pl\/lodzkie\/wp-json\/wp\/v2\/types\/product"}],"wp:featuredmedia":[{"embeddable":true,"href":"https:\/\/hurtownia.komandor.pl\/lodzkie\/wp-json\/wp\/v2\/media\/11529"}],"wp:attachment":[{"href":"https:\/\/hurtownia.komandor.pl\/lodzkie\/wp-json\/wp\/v2\/media?parent=11530"}],"wp:term":[{"taxonomy":"post_tag","embeddable":true,"href":"https:\/\/hurtownia.komandor.pl\/lodzkie\/wp-json\/wp\/v2\/tags?post=11530"},{"taxonomy":"product-category","embeddable":true,"href":"https:\/\/hurtownia.komandor.pl\/lodzkie\/wp-json\/wp\/v2\/product-category?post=11530"}],"curies":[{"name":"wp","href":"https:\/\/api.w.org\/{rel}","templated":true}]}}