
{"id":11532,"date":"2021-04-25T22:42:45","date_gmt":"2021-04-25T20:42:45","guid":{"rendered":"https:\/\/hurtownia.komandor.pl\/lodzkie\/produkt\/system-stalowy-lux\/"},"modified":"2021-04-26T14:44:33","modified_gmt":"2021-04-26T12:44:33","slug":"system-stalowy-lux","status":"publish","type":"product","link":"https:\/\/hurtownia.komandor.pl\/lodzkie\/produkt\/system-stalowy-lux\/","title":{"rendered":"System stalowy LUX"},"content":{"rendered":"<ul>\n<li>System stalowy LUX<\/li>\n<li>Kolory do wyboru: mat srebrny, mat z\u0142oty, bia\u0142y, czarny oraz drewnopodobne<\/li>\n<li>D\u0142ugo\u015b\u0107 ramiaka: 2750mm<\/li>\n<li>Ramiak przystosowany do wype\u0142nienia z p\u0142yty o grubo\u015bci 10mm lub szk\u0142a o grubo\u015bci 4mm<\/li>\n<li>Pozosta\u0142e elementy niezb\u0119dne do okucia drzwi sprzedawane s\u0105 osobno<\/li>\n<\/ul>\n<p>&nbsp;<\/p>\n<p>Producent: Komandor<\/p>\n<hr \/>\n<p>Istnieje mo\u017cliwo\u015b\u0107 zam\u00f3wienia gotowych, okutych drzwi przesuwnych. W tym celu prosimy o kontakt z dzia\u0142em handlowym.<\/p>\n","protected":false},"featured_media":11531,"template":"","tags":[539,665],"product-category":[],"_links":{"self":[{"href":"https:\/\/hurtownia.komandor.pl\/lodzkie\/wp-json\/wp\/v2\/product\/11532"}],"collection":[{"href":"https:\/\/hurtownia.komandor.pl\/lodzkie\/wp-json\/wp\/v2\/product"}],"about":[{"href":"https:\/\/hurtownia.komandor.pl\/lodzkie\/wp-json\/wp\/v2\/types\/product"}],"wp:featuredmedia":[{"embeddable":true,"href":"https:\/\/hurtownia.komandor.pl\/lodzkie\/wp-json\/wp\/v2\/media\/11531"}],"wp:attachment":[{"href":"https:\/\/hurtownia.komandor.pl\/lodzkie\/wp-json\/wp\/v2\/media?parent=11532"}],"wp:term":[{"taxonomy":"post_tag","embeddable":true,"href":"https:\/\/hurtownia.komandor.pl\/lodzkie\/wp-json\/wp\/v2\/tags?post=11532"},{"taxonomy":"product-category","embeddable":true,"href":"https:\/\/hurtownia.komandor.pl\/lodzkie\/wp-json\/wp\/v2\/product-category?post=11532"}],"curies":[{"name":"wp","href":"https:\/\/api.w.org\/{rel}","templated":true}]}}