
{"id":11533,"date":"2021-02-04T11:08:28","date_gmt":"2021-02-04T10:08:28","guid":{"rendered":"https:\/\/hurtownia.komandor.pl\/lodzkie\/produkt\/wieszak-poprzeczny\/"},"modified":"2021-04-30T12:12:15","modified_gmt":"2021-04-30T10:12:15","slug":"wieszak-poprzeczny","status":"publish","type":"product","link":"https:\/\/hurtownia.komandor.pl\/lodzkie\/produkt\/wieszak-poprzeczny\/","title":{"rendered":"Wieszak poprzeczny"},"content":{"rendered":"<ul>\n<li>Kolor: chrom po\u0142ysk<\/li>\n<li>R\u00f3\u017cne d\u0142ugo\u015bci do wyboru<\/li>\n<\/ul>\n<p>&nbsp;<\/p>\n<p>Producent: ATM<\/p>\n","protected":false},"featured_media":9946,"template":"","tags":[516],"product-category":[],"_links":{"self":[{"href":"https:\/\/hurtownia.komandor.pl\/lodzkie\/wp-json\/wp\/v2\/product\/11533"}],"collection":[{"href":"https:\/\/hurtownia.komandor.pl\/lodzkie\/wp-json\/wp\/v2\/product"}],"about":[{"href":"https:\/\/hurtownia.komandor.pl\/lodzkie\/wp-json\/wp\/v2\/types\/product"}],"wp:featuredmedia":[{"embeddable":true,"href":"https:\/\/hurtownia.komandor.pl\/lodzkie\/wp-json\/wp\/v2\/media\/9946"}],"wp:attachment":[{"href":"https:\/\/hurtownia.komandor.pl\/lodzkie\/wp-json\/wp\/v2\/media?parent=11533"}],"wp:term":[{"taxonomy":"post_tag","embeddable":true,"href":"https:\/\/hurtownia.komandor.pl\/lodzkie\/wp-json\/wp\/v2\/tags?post=11533"},{"taxonomy":"product-category","embeddable":true,"href":"https:\/\/hurtownia.komandor.pl\/lodzkie\/wp-json\/wp\/v2\/product-category?post=11533"}],"curies":[{"name":"wp","href":"https:\/\/api.w.org\/{rel}","templated":true}]}}