
{"id":11540,"date":"2021-02-04T11:08:29","date_gmt":"2021-02-04T10:08:29","guid":{"rendered":"https:\/\/hurtownia.komandor.pl\/lodzkie\/produkt\/winnipeg-podkladka-dystansowa\/"},"modified":"2021-04-30T11:50:51","modified_gmt":"2021-04-30T09:50:51","slug":"winnipeg-podkladka-dystansowa","status":"publish","type":"product","link":"https:\/\/hurtownia.komandor.pl\/lodzkie\/produkt\/winnipeg-podkladka-dystansowa\/","title":{"rendered":"Winnipeg &#8211; Podk\u0142adka dystansowa"},"content":{"rendered":"<ul>\n<li>Podk\u0142adka dystansowa pod prowadnik g\u00f3rny do systemu Winnipeg<\/li>\n<li>Na jedno skrzyd\u0142o drzwi potrzebne s\u0105 dwie podk\u0142adki<\/li>\n<li>Pozosta\u0142e elementy niezb\u0119dne do okucia drzwi sprzedawane s\u0105 osobno<\/li>\n<li>Instrukcja monta\u017cu drzwi przesuwnych w systemie Winnipeg dost\u0119pna <a href=\"http:\/\/hurtownia.komandor.slask.pl\/wp-content\/uploads\/2018\/03\/Winnipeg-instrukcja.pdf\">tutaj<\/a><\/li>\n<li>Instrukcja monta\u017cu domykaczy UNO w systemie Winnipeg dost\u0119pna <a href=\"http:\/\/hurtownia.komandor.slask.pl\/wp-content\/uploads\/2018\/03\/Winnipeg-domykacz-instrukcja.pdf\">tutaj<\/a><\/li>\n<li>Instrukcja monta\u017cu domykaczy \u015brodkowych w systemie Winnipeg dost\u0119pna <a href=\"http:\/\/hurtownia.komandor.slask.pl\/wp-content\/uploads\/2018\/03\/Winnipeg-domykacz-\u015brodkowy-instrukcja-1.pdf\">tutaj<\/a><\/li>\n<\/ul>\n<p>&nbsp;<\/p>\n<p>Producent: Komandor<\/p>\n<hr \/>\n<p>Istnieje mo\u017cliwo\u015b\u0107 zam\u00f3wienia gotowych, okutych drzwi przesuwnych. W tym celu prosimy o kontakt z dzia\u0142em handlowym.<\/p>\n","protected":false},"featured_media":9964,"template":"","tags":[539,543],"product-category":[],"_links":{"self":[{"href":"https:\/\/hurtownia.komandor.pl\/lodzkie\/wp-json\/wp\/v2\/product\/11540"}],"collection":[{"href":"https:\/\/hurtownia.komandor.pl\/lodzkie\/wp-json\/wp\/v2\/product"}],"about":[{"href":"https:\/\/hurtownia.komandor.pl\/lodzkie\/wp-json\/wp\/v2\/types\/product"}],"wp:featuredmedia":[{"embeddable":true,"href":"https:\/\/hurtownia.komandor.pl\/lodzkie\/wp-json\/wp\/v2\/media\/9964"}],"wp:attachment":[{"href":"https:\/\/hurtownia.komandor.pl\/lodzkie\/wp-json\/wp\/v2\/media?parent=11540"}],"wp:term":[{"taxonomy":"post_tag","embeddable":true,"href":"https:\/\/hurtownia.komandor.pl\/lodzkie\/wp-json\/wp\/v2\/tags?post=11540"},{"taxonomy":"product-category","embeddable":true,"href":"https:\/\/hurtownia.komandor.pl\/lodzkie\/wp-json\/wp\/v2\/product-category?post=11540"}],"curies":[{"name":"wp","href":"https:\/\/api.w.org\/{rel}","templated":true}]}}