
{"id":11554,"date":"2021-02-04T11:08:25","date_gmt":"2021-02-04T10:08:25","guid":{"rendered":"https:\/\/hurtownia.komandor.pl\/lodzkie\/produkt\/plyta-egger-h1277-st9-akacja-lakeland-jasna\/"},"modified":"2021-04-30T12:24:21","modified_gmt":"2021-04-30T10:24:21","slug":"plyta-egger-h1277-st9-akacja-lakeland-jasna","status":"publish","type":"product","link":"https:\/\/hurtownia.komandor.pl\/lodzkie\/produkt\/plyta-egger-h1277-st9-akacja-lakeland-jasna\/","title":{"rendered":"P\u0142yta Egger H1277 ST9 Akacja Lakeland jasna"},"content":{"rendered":"<p>P\u0142yta wi\u00f3rowa melaminowana o wymiarach 2800x2070mm<\/p>\n<p><strong>Dost\u0119pne grubo\u015bci:<\/strong> 10mm, 18mm<\/p>\n<p><strong>Struktura:<\/strong> Smoothtouch Matt ST9 &#8211; Stosowana z kolorami uni i dekorami drewnopodobnymi zapewnia subtelny, wyciszaj\u0105cy nastr\u00f3j. Struktura ta wpisuje si\u0119 w trend powierzchni matowych.<\/p>\n<p><strong>Producent:<\/strong> Egger<\/p>\n<p>&nbsp;<\/p>\n","protected":false},"featured_media":9767,"template":"","tags":[499,502],"product-category":[670,677,678],"_links":{"self":[{"href":"https:\/\/hurtownia.komandor.pl\/lodzkie\/wp-json\/wp\/v2\/product\/11554"}],"collection":[{"href":"https:\/\/hurtownia.komandor.pl\/lodzkie\/wp-json\/wp\/v2\/product"}],"about":[{"href":"https:\/\/hurtownia.komandor.pl\/lodzkie\/wp-json\/wp\/v2\/types\/product"}],"wp:featuredmedia":[{"embeddable":true,"href":"https:\/\/hurtownia.komandor.pl\/lodzkie\/wp-json\/wp\/v2\/media\/9767"}],"wp:attachment":[{"href":"https:\/\/hurtownia.komandor.pl\/lodzkie\/wp-json\/wp\/v2\/media?parent=11554"}],"wp:term":[{"taxonomy":"post_tag","embeddable":true,"href":"https:\/\/hurtownia.komandor.pl\/lodzkie\/wp-json\/wp\/v2\/tags?post=11554"},{"taxonomy":"product-category","embeddable":true,"href":"https:\/\/hurtownia.komandor.pl\/lodzkie\/wp-json\/wp\/v2\/product-category?post=11554"}],"curies":[{"name":"wp","href":"https:\/\/api.w.org\/{rel}","templated":true}]}}