
{"id":11561,"date":"2021-02-04T11:08:40","date_gmt":"2021-02-04T10:08:40","guid":{"rendered":"https:\/\/hurtownia.komandor.pl\/lodzkie\/produkt\/plyta-egger-h2033-st10-dab-hunton-ciemny\/"},"modified":"2021-04-30T10:34:44","modified_gmt":"2021-04-30T08:34:44","slug":"plyta-egger-h2033-st10-dab-hunton-ciemny","status":"publish","type":"product","link":"https:\/\/hurtownia.komandor.pl\/lodzkie\/produkt\/plyta-egger-h2033-st10-dab-hunton-ciemny\/","title":{"rendered":"P\u0142yta Egger H2033 ST10 D\u0105b Hunton ciemny"},"content":{"rendered":"<p>P\u0142yta wi\u00f3rowa melaminowana o wymiarach 2800x2070mm<\/p>\n<p><strong>Dost\u0119pne grubo\u015bci:<\/strong> 18mm<\/p>\n<p><strong>Struktura:<\/strong> Deepskin Rough ST10 \u2013 Niezwykle autentyczna i realistyczna struktura dla reprodukcji litego drewna i materia\u0142\u00f3w.<\/p>\n<p><strong>Producent:<\/strong> Egger<\/p>\n<p>&nbsp;<\/p>\n","protected":false},"featured_media":10539,"template":"","tags":[499,502,610],"product-category":[670,677,678],"_links":{"self":[{"href":"https:\/\/hurtownia.komandor.pl\/lodzkie\/wp-json\/wp\/v2\/product\/11561"}],"collection":[{"href":"https:\/\/hurtownia.komandor.pl\/lodzkie\/wp-json\/wp\/v2\/product"}],"about":[{"href":"https:\/\/hurtownia.komandor.pl\/lodzkie\/wp-json\/wp\/v2\/types\/product"}],"wp:featuredmedia":[{"embeddable":true,"href":"https:\/\/hurtownia.komandor.pl\/lodzkie\/wp-json\/wp\/v2\/media\/10539"}],"wp:attachment":[{"href":"https:\/\/hurtownia.komandor.pl\/lodzkie\/wp-json\/wp\/v2\/media?parent=11561"}],"wp:term":[{"taxonomy":"post_tag","embeddable":true,"href":"https:\/\/hurtownia.komandor.pl\/lodzkie\/wp-json\/wp\/v2\/tags?post=11561"},{"taxonomy":"product-category","embeddable":true,"href":"https:\/\/hurtownia.komandor.pl\/lodzkie\/wp-json\/wp\/v2\/product-category?post=11561"}],"curies":[{"name":"wp","href":"https:\/\/api.w.org\/{rel}","templated":true}]}}