
{"id":11565,"date":"2021-02-04T11:08:25","date_gmt":"2021-02-04T10:08:25","guid":{"rendered":"https:\/\/hurtownia.komandor.pl\/lodzkie\/produkt\/plyta-egger-h3331-st10-dab-nebraska-naturalny\/"},"modified":"2021-04-30T12:25:13","modified_gmt":"2021-04-30T10:25:13","slug":"plyta-egger-h3331-st10-dab-nebraska-naturalny","status":"publish","type":"product","link":"https:\/\/hurtownia.komandor.pl\/lodzkie\/produkt\/plyta-egger-h3331-st10-dab-nebraska-naturalny\/","title":{"rendered":"P\u0142yta Egger H3331 ST10 D\u0105b Nebraska naturalny"},"content":{"rendered":"<p>P\u0142yta wi\u00f3rowa melaminowana o wymiarach 2800x2070mm<\/p>\n<p><strong>Dost\u0119pne grubo\u015bci:<\/strong> 18mm<\/p>\n<p><strong>Struktura:<\/strong> Deepskin Rough ST10 &#8211; Niezwykle autentyczna i realistyczna struktura dla reprodukcji litego drewna i materia\u0142\u00f3w.<\/p>\n<p><strong>Producent:<\/strong> Egger<\/p>\n<p>&nbsp;<\/p>\n","protected":false},"featured_media":9753,"template":"","tags":[499,502],"product-category":[670,677,678],"_links":{"self":[{"href":"https:\/\/hurtownia.komandor.pl\/lodzkie\/wp-json\/wp\/v2\/product\/11565"}],"collection":[{"href":"https:\/\/hurtownia.komandor.pl\/lodzkie\/wp-json\/wp\/v2\/product"}],"about":[{"href":"https:\/\/hurtownia.komandor.pl\/lodzkie\/wp-json\/wp\/v2\/types\/product"}],"wp:featuredmedia":[{"embeddable":true,"href":"https:\/\/hurtownia.komandor.pl\/lodzkie\/wp-json\/wp\/v2\/media\/9753"}],"wp:attachment":[{"href":"https:\/\/hurtownia.komandor.pl\/lodzkie\/wp-json\/wp\/v2\/media?parent=11565"}],"wp:term":[{"taxonomy":"post_tag","embeddable":true,"href":"https:\/\/hurtownia.komandor.pl\/lodzkie\/wp-json\/wp\/v2\/tags?post=11565"},{"taxonomy":"product-category","embeddable":true,"href":"https:\/\/hurtownia.komandor.pl\/lodzkie\/wp-json\/wp\/v2\/product-category?post=11565"}],"curies":[{"name":"wp","href":"https:\/\/api.w.org\/{rel}","templated":true}]}}