
{"id":11566,"date":"2021-02-04T11:08:22","date_gmt":"2021-02-04T10:08:22","guid":{"rendered":"https:\/\/hurtownia.komandor.pl\/lodzkie\/produkt\/plyta-egger-h3395-st12-dab-corbridge-naturalny\/"},"modified":"2021-04-30T12:56:11","modified_gmt":"2021-04-30T10:56:11","slug":"plyta-egger-h3395-st12-dab-corbridge-naturalny","status":"publish","type":"product","link":"https:\/\/hurtownia.komandor.pl\/lodzkie\/produkt\/plyta-egger-h3395-st12-dab-corbridge-naturalny\/","title":{"rendered":"P\u0142yta Egger H3395 ST12 D\u0105b Corbridge naturalny"},"content":{"rendered":"<p>P\u0142yta wi\u00f3rowa melaminowana o wymiarach 2800x2070mm<\/p>\n<p><strong>Dost\u0119pne grubo\u015bci:<\/strong> 10mm, 18mm<\/p>\n<p><strong>Struktura:<\/strong> Omnipore Matt ST12 &#8211; Porowata struktura nieregularnie pokryta linearnymi porami o r\u00f3\u017cnej g\u0142\u0119boko\u015bci, kt\u00f3re nadaj\u0105 jej naturalny wygl\u0105d. Lekka podstruktura sprawia, \u017ce powierzchnia ta jest aksamitna i mi\u0142a w dotyku.<\/p>\n<p><strong>Producent:<\/strong> Egger<\/p>\n<p>&nbsp;<\/p>\n","protected":false},"featured_media":9147,"template":"","tags":[499,502],"product-category":[670,677,678],"_links":{"self":[{"href":"https:\/\/hurtownia.komandor.pl\/lodzkie\/wp-json\/wp\/v2\/product\/11566"}],"collection":[{"href":"https:\/\/hurtownia.komandor.pl\/lodzkie\/wp-json\/wp\/v2\/product"}],"about":[{"href":"https:\/\/hurtownia.komandor.pl\/lodzkie\/wp-json\/wp\/v2\/types\/product"}],"wp:featuredmedia":[{"embeddable":true,"href":"https:\/\/hurtownia.komandor.pl\/lodzkie\/wp-json\/wp\/v2\/media\/9147"}],"wp:attachment":[{"href":"https:\/\/hurtownia.komandor.pl\/lodzkie\/wp-json\/wp\/v2\/media?parent=11566"}],"wp:term":[{"taxonomy":"post_tag","embeddable":true,"href":"https:\/\/hurtownia.komandor.pl\/lodzkie\/wp-json\/wp\/v2\/tags?post=11566"},{"taxonomy":"product-category","embeddable":true,"href":"https:\/\/hurtownia.komandor.pl\/lodzkie\/wp-json\/wp\/v2\/product-category?post=11566"}],"curies":[{"name":"wp","href":"https:\/\/api.w.org\/{rel}","templated":true}]}}