
{"id":11567,"date":"2021-02-04T11:08:25","date_gmt":"2021-02-04T10:08:25","guid":{"rendered":"https:\/\/hurtownia.komandor.pl\/lodzkie\/produkt\/plyta-egger-h3702-st10-orzech-pacyfik-tabak\/"},"modified":"2021-04-30T12:25:30","modified_gmt":"2021-04-30T10:25:30","slug":"plyta-egger-h3702-st10-orzech-pacyfik-tabak","status":"publish","type":"product","link":"https:\/\/hurtownia.komandor.pl\/lodzkie\/produkt\/plyta-egger-h3702-st10-orzech-pacyfik-tabak\/","title":{"rendered":"P\u0142yta Egger H3702 ST10 Orzech Pacyfik tabak"},"content":{"rendered":"<p>P\u0142yta wi\u00f3rowa melaminowana o wymiarach 2800x2070mm<\/p>\n<p><strong>Dost\u0119pne grubo\u015bci:<\/strong> 18mm<\/p>\n<p><strong>Struktura:<\/strong> Deepskin Rough ST10 &#8211; Niezwykle autentyczna i realistyczna struktura dla reprodukcji litego drewna i materia\u0142\u00f3w.<\/p>\n<p><strong>Producent:<\/strong> Egger<\/p>\n","protected":false},"featured_media":9782,"template":"","tags":[499,502],"product-category":[670,677,678],"_links":{"self":[{"href":"https:\/\/hurtownia.komandor.pl\/lodzkie\/wp-json\/wp\/v2\/product\/11567"}],"collection":[{"href":"https:\/\/hurtownia.komandor.pl\/lodzkie\/wp-json\/wp\/v2\/product"}],"about":[{"href":"https:\/\/hurtownia.komandor.pl\/lodzkie\/wp-json\/wp\/v2\/types\/product"}],"wp:featuredmedia":[{"embeddable":true,"href":"https:\/\/hurtownia.komandor.pl\/lodzkie\/wp-json\/wp\/v2\/media\/9782"}],"wp:attachment":[{"href":"https:\/\/hurtownia.komandor.pl\/lodzkie\/wp-json\/wp\/v2\/media?parent=11567"}],"wp:term":[{"taxonomy":"post_tag","embeddable":true,"href":"https:\/\/hurtownia.komandor.pl\/lodzkie\/wp-json\/wp\/v2\/tags?post=11567"},{"taxonomy":"product-category","embeddable":true,"href":"https:\/\/hurtownia.komandor.pl\/lodzkie\/wp-json\/wp\/v2\/product-category?post=11567"}],"curies":[{"name":"wp","href":"https:\/\/api.w.org\/{rel}","templated":true}]}}