
{"id":11570,"date":"2021-04-13T20:59:44","date_gmt":"2021-04-13T18:59:44","guid":{"rendered":"https:\/\/hurtownia.komandor.pl\/lodzkie\/produkt\/plyta-egger-h3734-st9-orzech-dijon-naturalny\/"},"modified":"2021-04-28T14:57:22","modified_gmt":"2021-04-28T12:57:22","slug":"plyta-egger-h3734-st9-orzech-dijon-naturalny","status":"publish","type":"product","link":"https:\/\/hurtownia.komandor.pl\/lodzkie\/produkt\/plyta-egger-h3734-st9-orzech-dijon-naturalny\/","title":{"rendered":"P\u0142yta Egger H3734 ST9 Orzech Dijon naturalny"},"content":{"rendered":"<p>P\u0142yta wi\u00f3rowa melaminowana o wymiarach 2800x2070mm<\/p>\n<p><strong>Dost\u0119pne grubo\u015bci:<\/strong> 18mm<\/p>\n<p><strong>Struktura:<\/strong> Smoothtouch Matt ST9 &#8211; Stosowana z kolorami uni i dekorami drewnopodobnymi zapewnia subtelny, wyciszaj\u0105cy nastr\u00f3j. Struktura ta wpisuje si\u0119 w trend powierzchni matowych.<\/p>\n<p><strong>Producent:<\/strong> Egger<\/p>\n","protected":false},"featured_media":11569,"template":"","tags":[],"product-category":[670,677,678],"_links":{"self":[{"href":"https:\/\/hurtownia.komandor.pl\/lodzkie\/wp-json\/wp\/v2\/product\/11570"}],"collection":[{"href":"https:\/\/hurtownia.komandor.pl\/lodzkie\/wp-json\/wp\/v2\/product"}],"about":[{"href":"https:\/\/hurtownia.komandor.pl\/lodzkie\/wp-json\/wp\/v2\/types\/product"}],"wp:featuredmedia":[{"embeddable":true,"href":"https:\/\/hurtownia.komandor.pl\/lodzkie\/wp-json\/wp\/v2\/media\/11569"}],"wp:attachment":[{"href":"https:\/\/hurtownia.komandor.pl\/lodzkie\/wp-json\/wp\/v2\/media?parent=11570"}],"wp:term":[{"taxonomy":"post_tag","embeddable":true,"href":"https:\/\/hurtownia.komandor.pl\/lodzkie\/wp-json\/wp\/v2\/tags?post=11570"},{"taxonomy":"product-category","embeddable":true,"href":"https:\/\/hurtownia.komandor.pl\/lodzkie\/wp-json\/wp\/v2\/product-category?post=11570"}],"curies":[{"name":"wp","href":"https:\/\/api.w.org\/{rel}","templated":true}]}}