
{"id":11581,"date":"2021-04-13T21:06:18","date_gmt":"2021-04-13T19:06:18","guid":{"rendered":"https:\/\/hurtownia.komandor.pl\/lodzkie\/produkt\/plyta-egger-u999-st2-czarny\/"},"modified":"2021-04-28T14:57:21","modified_gmt":"2021-04-28T12:57:21","slug":"plyta-egger-u999-st2-czarny","status":"publish","type":"product","link":"https:\/\/hurtownia.komandor.pl\/lodzkie\/produkt\/plyta-egger-u999-st2-czarny\/","title":{"rendered":"P\u0142yta Egger U999 ST2 Czarny"},"content":{"rendered":"<p>P\u0142yta wi\u00f3rowa melaminowana o wymiarach 2800x2070mm<\/p>\n<p><strong>Dost\u0119pne grubo\u015bci:<\/strong> 18mm<\/p>\n<p><strong>Struktura:<\/strong> Smoothtouch Pearl ST2 &#8211; Lekko per\u0142owa struktura o \u015brednim po\u0142ysku. Powierzchnia ta jest solidna, bardzo odporna i najlepiej wsp\u00f3\u0142gra z kolorami uni i per\u0142owymi.<\/p>\n<p><strong>Producent:<\/strong> Egger<\/p>\n","protected":false},"featured_media":11580,"template":"","tags":[],"product-category":[670,677,678],"_links":{"self":[{"href":"https:\/\/hurtownia.komandor.pl\/lodzkie\/wp-json\/wp\/v2\/product\/11581"}],"collection":[{"href":"https:\/\/hurtownia.komandor.pl\/lodzkie\/wp-json\/wp\/v2\/product"}],"about":[{"href":"https:\/\/hurtownia.komandor.pl\/lodzkie\/wp-json\/wp\/v2\/types\/product"}],"wp:featuredmedia":[{"embeddable":true,"href":"https:\/\/hurtownia.komandor.pl\/lodzkie\/wp-json\/wp\/v2\/media\/11580"}],"wp:attachment":[{"href":"https:\/\/hurtownia.komandor.pl\/lodzkie\/wp-json\/wp\/v2\/media?parent=11581"}],"wp:term":[{"taxonomy":"post_tag","embeddable":true,"href":"https:\/\/hurtownia.komandor.pl\/lodzkie\/wp-json\/wp\/v2\/tags?post=11581"},{"taxonomy":"product-category","embeddable":true,"href":"https:\/\/hurtownia.komandor.pl\/lodzkie\/wp-json\/wp\/v2\/product-category?post=11581"}],"curies":[{"name":"wp","href":"https:\/\/api.w.org\/{rel}","templated":true}]}}