
{"id":11606,"date":"2021-04-13T14:39:59","date_gmt":"2021-04-13T12:39:59","guid":{"rendered":"https:\/\/hurtownia.komandor.pl\/lodzkie\/produkt\/plyta-swisskrono-u164-vl-antracyt\/"},"modified":"2021-04-29T13:27:57","modified_gmt":"2021-04-29T11:27:57","slug":"plyta-swisskrono-u164-vl-antracyt","status":"publish","type":"product","link":"https:\/\/hurtownia.komandor.pl\/lodzkie\/produkt\/plyta-swisskrono-u164-vl-antracyt\/","title":{"rendered":"P\u0142yta SwissKrono U164 VL Antracyt"},"content":{"rendered":"<p>P\u0142yta wi\u00f3rowa melaminowana o wymiarach 2800x2070mm<\/p>\n<p><strong>Dost\u0119pne grubo\u015bci:<\/strong> 10mm, 18mm<\/p>\n<p><strong>Struktura:<\/strong> VL<\/p>\n<p><strong>Producent:<\/strong> SwissKrono<\/p>\n","protected":false},"featured_media":11605,"template":"","tags":[518,519,610],"product-category":[677,679],"_links":{"self":[{"href":"https:\/\/hurtownia.komandor.pl\/lodzkie\/wp-json\/wp\/v2\/product\/11606"}],"collection":[{"href":"https:\/\/hurtownia.komandor.pl\/lodzkie\/wp-json\/wp\/v2\/product"}],"about":[{"href":"https:\/\/hurtownia.komandor.pl\/lodzkie\/wp-json\/wp\/v2\/types\/product"}],"wp:featuredmedia":[{"embeddable":true,"href":"https:\/\/hurtownia.komandor.pl\/lodzkie\/wp-json\/wp\/v2\/media\/11605"}],"wp:attachment":[{"href":"https:\/\/hurtownia.komandor.pl\/lodzkie\/wp-json\/wp\/v2\/media?parent=11606"}],"wp:term":[{"taxonomy":"post_tag","embeddable":true,"href":"https:\/\/hurtownia.komandor.pl\/lodzkie\/wp-json\/wp\/v2\/tags?post=11606"},{"taxonomy":"product-category","embeddable":true,"href":"https:\/\/hurtownia.komandor.pl\/lodzkie\/wp-json\/wp\/v2\/product-category?post=11606"}],"curies":[{"name":"wp","href":"https:\/\/api.w.org\/{rel}","templated":true}]}}