
{"id":11665,"date":"2021-02-04T11:08:27","date_gmt":"2021-02-04T10:08:27","guid":{"rendered":"https:\/\/hurtownia.komandor.pl\/lodzkie\/produkt\/plyta-kronospan-hdf-bialy\/"},"modified":"2021-04-30T12:17:34","modified_gmt":"2021-04-30T10:17:34","slug":"plyta-kronospan-hdf-bialy","status":"publish","type":"product","link":"https:\/\/hurtownia.komandor.pl\/lodzkie\/produkt\/plyta-kronospan-hdf-bialy\/","title":{"rendered":"P\u0142yta Kronospan HDF bia\u0142y"},"content":{"rendered":"<p>P\u0142yta HDF o wymiarach 2800x2070mm<\/p>\n<p><strong>Dost\u0119pne grubo\u015bci:<\/strong> 3mm<\/p>\n<p>&nbsp;<\/p>\n<p><strong>Producent:<\/strong> Kronospan<\/p>\n<p>&nbsp;<\/p>\n","protected":false},"featured_media":9866,"template":"","tags":[502],"product-category":[670,682],"_links":{"self":[{"href":"https:\/\/hurtownia.komandor.pl\/lodzkie\/wp-json\/wp\/v2\/product\/11665"}],"collection":[{"href":"https:\/\/hurtownia.komandor.pl\/lodzkie\/wp-json\/wp\/v2\/product"}],"about":[{"href":"https:\/\/hurtownia.komandor.pl\/lodzkie\/wp-json\/wp\/v2\/types\/product"}],"wp:featuredmedia":[{"embeddable":true,"href":"https:\/\/hurtownia.komandor.pl\/lodzkie\/wp-json\/wp\/v2\/media\/9866"}],"wp:attachment":[{"href":"https:\/\/hurtownia.komandor.pl\/lodzkie\/wp-json\/wp\/v2\/media?parent=11665"}],"wp:term":[{"taxonomy":"post_tag","embeddable":true,"href":"https:\/\/hurtownia.komandor.pl\/lodzkie\/wp-json\/wp\/v2\/tags?post=11665"},{"taxonomy":"product-category","embeddable":true,"href":"https:\/\/hurtownia.komandor.pl\/lodzkie\/wp-json\/wp\/v2\/product-category?post=11665"}],"curies":[{"name":"wp","href":"https:\/\/api.w.org\/{rel}","templated":true}]}}