
{"id":11813,"date":"2021-05-06T14:52:38","date_gmt":"2021-05-06T12:52:38","guid":{"rendered":"https:\/\/hurtownia.komandor.pl\/lodzkie\/?post_type=product&#038;p=11813"},"modified":"2021-05-07T11:35:48","modified_gmt":"2021-05-07T09:35:48","slug":"szuflada-z-dwoma-pokrywami-800x500x70-mm-mocca","status":"publish","type":"product","link":"https:\/\/hurtownia.komandor.pl\/lodzkie\/produkt\/szuflada-z-dwoma-pokrywami-800x500x70-mm-mocca\/","title":{"rendered":"Szuflada z dwoma pokrywami 800x500x70mm, MOCCA"},"content":{"rendered":"<p>Wymiar: 800x500x70<\/p>\n<p>Indeks: 53-61852MC<\/p>\n<p>Produkt do zastosowania zamiast tradycyjnej szuflady. Nadaje si\u0119 do przechowywania bi\u017cuterii, zegark\u00f3w oraz innych drobnych element\u00f3w, jak r\u00f3wnie\u017c krawat\u00f3w czy pask\u00f3w. Dzi\u0119ki uk\u0142adowi przegr\u00f3dek wszystkie rzeczy znajduj\u0105 si\u0119 na swoim miejscu, co gwarantuje \u0142ad i porz\u0105dek bez konieczno\u015bci stosowania dodatkowych pude\u0142ek. Wn\u0119trze szuflady wy\u0142o\u017cone jest szlachetnym, mi\u0142ym w dotyku materia\u0142em.<\/p>\n","protected":false},"featured_media":11814,"template":"","tags":[],"product-category":[683,686,688],"_links":{"self":[{"href":"https:\/\/hurtownia.komandor.pl\/lodzkie\/wp-json\/wp\/v2\/product\/11813"}],"collection":[{"href":"https:\/\/hurtownia.komandor.pl\/lodzkie\/wp-json\/wp\/v2\/product"}],"about":[{"href":"https:\/\/hurtownia.komandor.pl\/lodzkie\/wp-json\/wp\/v2\/types\/product"}],"wp:featuredmedia":[{"embeddable":true,"href":"https:\/\/hurtownia.komandor.pl\/lodzkie\/wp-json\/wp\/v2\/media\/11814"}],"wp:attachment":[{"href":"https:\/\/hurtownia.komandor.pl\/lodzkie\/wp-json\/wp\/v2\/media?parent=11813"}],"wp:term":[{"taxonomy":"post_tag","embeddable":true,"href":"https:\/\/hurtownia.komandor.pl\/lodzkie\/wp-json\/wp\/v2\/tags?post=11813"},{"taxonomy":"product-category","embeddable":true,"href":"https:\/\/hurtownia.komandor.pl\/lodzkie\/wp-json\/wp\/v2\/product-category?post=11813"}],"curies":[{"name":"wp","href":"https:\/\/api.w.org\/{rel}","templated":true}]}}