
{"id":11823,"date":"2021-05-07T09:14:25","date_gmt":"2021-05-07T07:14:25","guid":{"rendered":"https:\/\/hurtownia.komandor.pl\/lodzkie\/?post_type=product&#038;p=11823"},"modified":"2021-05-07T11:36:28","modified_gmt":"2021-05-07T09:36:28","slug":"wieszak-na-spodnie-800x500x60mm-mocca","status":"publish","type":"product","link":"https:\/\/hurtownia.komandor.pl\/lodzkie\/produkt\/wieszak-na-spodnie-800x500x60mm-mocca\/","title":{"rendered":"Wieszak na spodnie 800x500x60mm, MOCCA"},"content":{"rendered":"<p>Wymiar: 800x500x60<\/p>\n<p>Indeks: 53-63851MC<\/p>\n<p>Produkt zaprojektowany na 9 par spodni. Aluminiowe dr\u0105\u017cki zosta\u0142y wyko\u0144czone nak\u0142adkami antypo\u015blizgowymi, dzi\u0119ki czemu ubrania pozostaj\u0105 na swoim miejscu i nie zsuwaj\u0105 si\u0119 z dr\u0105\u017ck\u00f3w. Pe\u0142ny wysuw wieszaka zapewnia dost\u0119p do ka\u017cdej pary spodni.<\/p>\n","protected":false},"featured_media":11824,"template":"","tags":[],"product-category":[683,686,688],"_links":{"self":[{"href":"https:\/\/hurtownia.komandor.pl\/lodzkie\/wp-json\/wp\/v2\/product\/11823"}],"collection":[{"href":"https:\/\/hurtownia.komandor.pl\/lodzkie\/wp-json\/wp\/v2\/product"}],"about":[{"href":"https:\/\/hurtownia.komandor.pl\/lodzkie\/wp-json\/wp\/v2\/types\/product"}],"wp:featuredmedia":[{"embeddable":true,"href":"https:\/\/hurtownia.komandor.pl\/lodzkie\/wp-json\/wp\/v2\/media\/11824"}],"wp:attachment":[{"href":"https:\/\/hurtownia.komandor.pl\/lodzkie\/wp-json\/wp\/v2\/media?parent=11823"}],"wp:term":[{"taxonomy":"post_tag","embeddable":true,"href":"https:\/\/hurtownia.komandor.pl\/lodzkie\/wp-json\/wp\/v2\/tags?post=11823"},{"taxonomy":"product-category","embeddable":true,"href":"https:\/\/hurtownia.komandor.pl\/lodzkie\/wp-json\/wp\/v2\/product-category?post=11823"}],"curies":[{"name":"wp","href":"https:\/\/api.w.org\/{rel}","templated":true}]}}