
{"id":11825,"date":"2021-05-07T09:19:44","date_gmt":"2021-05-07T07:19:44","guid":{"rendered":"https:\/\/hurtownia.komandor.pl\/lodzkie\/?post_type=product&#038;p=11825"},"modified":"2021-05-07T11:36:35","modified_gmt":"2021-05-07T09:36:35","slug":"polka-na-buty-800x500x180mm-mocca","status":"publish","type":"product","link":"https:\/\/hurtownia.komandor.pl\/lodzkie\/produkt\/polka-na-buty-800x500x180mm-mocca\/","title":{"rendered":"P\u00f3\u0142ka na buty 800x500x180mm, MOCCA"},"content":{"rendered":"<p>Wymiar: 800x500x180<\/p>\n<p>Indeks: 53-64851MC<\/p>\n<p>Produkt do przechowywania obuwia, pomie\u015bci do 6 par. P\u00f3\u0142ka wykonana z blachy lakierowanej o wysokiej odporno\u015bci na zarysowania. Podobnie jak pozosta\u0142e produkty z serii, rama ma mo\u017cliwo\u015b\u0107 pe\u0142nego wysuwu, co zapewnia dost\u0119p do ka\u017cdej pary but\u00f3w.<\/p>\n<p>&nbsp;<\/p>\n","protected":false},"featured_media":11826,"template":"","tags":[],"product-category":[683,686,688],"_links":{"self":[{"href":"https:\/\/hurtownia.komandor.pl\/lodzkie\/wp-json\/wp\/v2\/product\/11825"}],"collection":[{"href":"https:\/\/hurtownia.komandor.pl\/lodzkie\/wp-json\/wp\/v2\/product"}],"about":[{"href":"https:\/\/hurtownia.komandor.pl\/lodzkie\/wp-json\/wp\/v2\/types\/product"}],"wp:featuredmedia":[{"embeddable":true,"href":"https:\/\/hurtownia.komandor.pl\/lodzkie\/wp-json\/wp\/v2\/media\/11826"}],"wp:attachment":[{"href":"https:\/\/hurtownia.komandor.pl\/lodzkie\/wp-json\/wp\/v2\/media?parent=11825"}],"wp:term":[{"taxonomy":"post_tag","embeddable":true,"href":"https:\/\/hurtownia.komandor.pl\/lodzkie\/wp-json\/wp\/v2\/tags?post=11825"},{"taxonomy":"product-category","embeddable":true,"href":"https:\/\/hurtownia.komandor.pl\/lodzkie\/wp-json\/wp\/v2\/product-category?post=11825"}],"curies":[{"name":"wp","href":"https:\/\/api.w.org\/{rel}","templated":true}]}}