
{"id":11831,"date":"2021-05-07T10:11:34","date_gmt":"2021-05-07T08:11:34","guid":{"rendered":"https:\/\/hurtownia.komandor.pl\/lodzkie\/?post_type=product&#038;p=11831"},"modified":"2021-05-07T11:37:05","modified_gmt":"2021-05-07T09:37:05","slug":"lustro-obrotowe-170x415x1130mm-mocca","status":"publish","type":"product","link":"https:\/\/hurtownia.komandor.pl\/lodzkie\/produkt\/lustro-obrotowe-170x415x1130mm-mocca\/","title":{"rendered":"Lustro Obrotowe 170x415x1130mm, MOCCA"},"content":{"rendered":"<p>Wymiar: 830-1150<\/p>\n<p>Indeks: 53-67141MC<\/p>\n<p>Produkt niezb\u0119dny w ka\u017cdej szafie lub garderobie. Dzi\u0119ki zwartej konstrukcji nie zajmuje du\u017co miejsca w zabudowie. Wyposa\u017cony w 2 dodatkowe pojemniki na drobiazgi. Wyko\u0144czenie kolorystyczne dopasowane do pozosta\u0142ych produkt\u00f3w z serii.<\/p>\n","protected":false},"featured_media":11832,"template":"","tags":[],"product-category":[683,686,688],"_links":{"self":[{"href":"https:\/\/hurtownia.komandor.pl\/lodzkie\/wp-json\/wp\/v2\/product\/11831"}],"collection":[{"href":"https:\/\/hurtownia.komandor.pl\/lodzkie\/wp-json\/wp\/v2\/product"}],"about":[{"href":"https:\/\/hurtownia.komandor.pl\/lodzkie\/wp-json\/wp\/v2\/types\/product"}],"wp:featuredmedia":[{"embeddable":true,"href":"https:\/\/hurtownia.komandor.pl\/lodzkie\/wp-json\/wp\/v2\/media\/11832"}],"wp:attachment":[{"href":"https:\/\/hurtownia.komandor.pl\/lodzkie\/wp-json\/wp\/v2\/media?parent=11831"}],"wp:term":[{"taxonomy":"post_tag","embeddable":true,"href":"https:\/\/hurtownia.komandor.pl\/lodzkie\/wp-json\/wp\/v2\/tags?post=11831"},{"taxonomy":"product-category","embeddable":true,"href":"https:\/\/hurtownia.komandor.pl\/lodzkie\/wp-json\/wp\/v2\/product-category?post=11831"}],"curies":[{"name":"wp","href":"https:\/\/api.w.org\/{rel}","templated":true}]}}