
{"id":11836,"date":"2021-05-07T10:23:01","date_gmt":"2021-05-07T08:23:01","guid":{"rendered":"https:\/\/hurtownia.komandor.pl\/lodzkie\/?post_type=product&#038;p=11836"},"modified":"2021-05-07T10:23:01","modified_gmt":"2021-05-07T08:23:01","slug":"kosz-druciany-do-szuflad-500x500x140mm-chromowany","status":"publish","type":"product","link":"https:\/\/hurtownia.komandor.pl\/lodzkie\/produkt\/kosz-druciany-do-szuflad-500x500x140mm-chromowany\/","title":{"rendered":"Kosz druciany do szuflad 500x500x140mm, Chromowany"},"content":{"rendered":"<p>Wymiar: 500x500x140mm<\/p>\n<p>Indeks: 53-35501CR<\/p>\n<p>Produkt do wykorzystania w zabudowach zamiast tradycyjnych szuflad. A\u017curowa konstrukcja kosza pozwala zobaczy\u0107 co jest w \u015brodku, bez niepotrzebnego wysuwania, a tak\u017ce umo\u017cliwia swobodn\u0105 cyrkulacje powietrza, dzi\u0119ki temu ubrania pozostaj\u0105 d\u0142u\u017cej \u015bwie\u017ce. Mechanizmy jezdne oparte s\u0105 na prowadnicach kulkowych z tzw. soft closing, dlatego akcesoria poruszaj\u0105 si\u0119 p\u0142ynnie, a ich domykanie nie powoduje ha\u0142asu.<\/p>\n","protected":false},"featured_media":11835,"template":"","tags":[],"product-category":[683,687],"_links":{"self":[{"href":"https:\/\/hurtownia.komandor.pl\/lodzkie\/wp-json\/wp\/v2\/product\/11836"}],"collection":[{"href":"https:\/\/hurtownia.komandor.pl\/lodzkie\/wp-json\/wp\/v2\/product"}],"about":[{"href":"https:\/\/hurtownia.komandor.pl\/lodzkie\/wp-json\/wp\/v2\/types\/product"}],"wp:featuredmedia":[{"embeddable":true,"href":"https:\/\/hurtownia.komandor.pl\/lodzkie\/wp-json\/wp\/v2\/media\/11835"}],"wp:attachment":[{"href":"https:\/\/hurtownia.komandor.pl\/lodzkie\/wp-json\/wp\/v2\/media?parent=11836"}],"wp:term":[{"taxonomy":"post_tag","embeddable":true,"href":"https:\/\/hurtownia.komandor.pl\/lodzkie\/wp-json\/wp\/v2\/tags?post=11836"},{"taxonomy":"product-category","embeddable":true,"href":"https:\/\/hurtownia.komandor.pl\/lodzkie\/wp-json\/wp\/v2\/product-category?post=11836"}],"curies":[{"name":"wp","href":"https:\/\/api.w.org\/{rel}","templated":true}]}}